{"id":117,"date":"2017-06-26T10:24:38","date_gmt":"2017-06-26T08:24:38","guid":{"rendered":"http:\/\/rhizomehorizon-paysage.fr\/?page_id=117"},"modified":"2017-07-06T14:44:44","modified_gmt":"2017-07-06T12:44:44","slug":"accueil-2","status":"publish","type":"page","link":"https:\/\/rhizomehorizon-paysage.fr\/index.php\/accueil-2\/","title":{"rendered":"Services"},"content":{"rendered":"<p>[et_pb_section bb_built=\u00a0\u00bb1&Prime; admin_label=\u00a0\u00bbsection\u00a0\u00bb _builder_version=\u00a0\u00bb3.0.51&Prime; parallax_method=\u00a0\u00bboff\u00a0\u00bb background_image=\u00a0\u00bbhttps:\/\/rhizomehorizon-paysage.fr\/wp-content\/uploads\/2017\/06\/perle-deau.jpg\u00a0\u00bb][et_pb_row admin_label=\u00a0\u00bbLigne\u00a0\u00bb _builder_version=\u00a0\u00bb3.0.51&Prime; background_position=\u00a0\u00bbbottom_right\u00a0\u00bb background_position_1=\u00a0\u00bbtop_left\u00a0\u00bb background_repeat_1=\u00a0\u00bbno-repeat\u00a0\u00bb background_position_2=\u00a0\u00bbtop_left\u00a0\u00bb background_repeat_2=\u00a0\u00bbno-repeat\u00a0\u00bb background_position_3=\u00a0\u00bbtop_left\u00a0\u00bb background_repeat_3=\u00a0\u00bbno-repeat\u00a0\u00bb][et_pb_column type=\u00a0\u00bb1_3&Prime;][et_pb_blurb admin_label=\u00a0\u00bbR\u00e9sum\u00e9\u00a0\u00bb _builder_version=\u00a0\u00bb3.0.51&Prime; url_new_window=\u00a0\u00bboff\u00a0\u00bb use_icon=\u00a0\u00bboff\u00a0\u00bb font_icon=\u00a0\u00bb%%187%%\u00a0\u00bb use_circle=\u00a0\u00bboff\u00a0\u00bb use_circle_border=\u00a0\u00bboff\u00a0\u00bb icon_placement=\u00a0\u00bbtop\u00a0\u00bb use_icon_font_size=\u00a0\u00bbon\u00a0\u00bb background_layout=\u00a0\u00bblight\u00a0\u00bb border_style=\u00a0\u00bbsolid\u00a0\u00bb animation=\u00a0\u00bbleft\u00a0\u00bb text_orientation=\u00a0\u00bbcenter\u00a0\u00bb url=\u00a0\u00bbhttps:\/\/rhizomehorizon-paysage.fr\/index.php\/espace-conception-territoire\/\u00a0\u00bb image=\u00a0\u00bbhttps:\/\/rhizomehorizon-paysage.fr\/wp-content\/uploads\/2017\/06\/CG-Rond.png\u00a0\u00bb \/][et_pb_text admin_label=\u00a0\u00bbTexte\u00a0\u00bb _builder_version=\u00a0\u00bb3.0.51&Prime; background_layout=\u00a0\u00bblight\u00a0\u00bb text_orientation=\u00a0\u00bbcenter\u00a0\u00bb text_font=\u00a0\u00bbVerdana||||\u00a0\u00bb text_text_color=\u00a0\u00bb#1c307e\u00a0\u00bb border_style=\u00a0\u00bbsolid\u00a0\u00bb]<\/p>\n<h1><span style=\"font-size: 14pt; color: #1c307e; font-family: helvetica, arial, sans-serif;\">Vous \u00eates un Bureau d&rsquo;\u00e9tudes ou une commune<\/span><\/h1>\n<p>[\/et_pb_text][\/et_pb_column][et_pb_column type=\u00a0\u00bb1_3&Prime;][et_pb_blurb admin_label=\u00a0\u00bbR\u00e9sum\u00e9\u00a0\u00bb _builder_version=\u00a0\u00bb3.0.51&Prime; url_new_window=\u00a0\u00bboff\u00a0\u00bb use_icon=\u00a0\u00bboff\u00a0\u00bb font_icon=\u00a0\u00bb%%190%%\u00a0\u00bb use_circle=\u00a0\u00bboff\u00a0\u00bb use_circle_border=\u00a0\u00bboff\u00a0\u00bb icon_placement=\u00a0\u00bbtop\u00a0\u00bb use_icon_font_size=\u00a0\u00bboff\u00a0\u00bb background_layout=\u00a0\u00bblight\u00a0\u00bb border_style=\u00a0\u00bbsolid\u00a0\u00bb animation=\u00a0\u00bbbottom\u00a0\u00bb text_orientation=\u00a0\u00bbcenter\u00a0\u00bb url=\u00a0\u00bbhttps:\/\/rhizomehorizon-paysage.fr\/index.php\/structures-socio-culturelles-educatives-et-de-loisirs\/\u00a0\u00bb image=\u00a0\u00bbhttps:\/\/rhizomehorizon-paysage.fr\/wp-content\/uploads\/2017\/06\/CG-Rond.png\u00a0\u00bb \/][et_pb_text admin_label=\u00a0\u00bbTexte\u00a0\u00bb _builder_version=\u00a0\u00bb3.0.51&Prime; background_layout=\u00a0\u00bblight\u00a0\u00bb text_orientation=\u00a0\u00bbcenter\u00a0\u00bb text_text_color=\u00a0\u00bb#1c307e\u00a0\u00bb border_style=\u00a0\u00bbsolid\u00a0\u00bb]<\/p>\n<h1><span style=\"font-size: 14pt; color: #1c307e; font-family: helvetica, arial, sans-serif;\">Vous \u00eates une Structure socio-culturelle, \u00e9ducative ou de loisirs<\/span><\/h1>\n<p>[\/et_pb_text][\/et_pb_column][et_pb_column type=\u00a0\u00bb1_3&Prime;][et_pb_blurb admin_label=\u00a0\u00bbR\u00e9sum\u00e9\u00a0\u00bb _builder_version=\u00a0\u00bb3.0.51&Prime; url_new_window=\u00a0\u00bboff\u00a0\u00bb use_icon=\u00a0\u00bboff\u00a0\u00bb font_icon=\u00a0\u00bb%%188%%\u00a0\u00bb use_circle=\u00a0\u00bboff\u00a0\u00bb use_circle_border=\u00a0\u00bboff\u00a0\u00bb icon_placement=\u00a0\u00bbtop\u00a0\u00bb use_icon_font_size=\u00a0\u00bboff\u00a0\u00bb background_layout=\u00a0\u00bblight\u00a0\u00bb border_style=\u00a0\u00bbsolid\u00a0\u00bb animation=\u00a0\u00bbleft\u00a0\u00bb text_orientation=\u00a0\u00bbcenter\u00a0\u00bb url=\u00a0\u00bbhttps:\/\/rhizomehorizon-paysage.fr\/index.php\/espace-particuliers\/\u00a0\u00bb image=\u00a0\u00bbhttps:\/\/rhizomehorizon-paysage.fr\/wp-content\/uploads\/2017\/06\/CG-Rond.png\u00a0\u00bb \/][et_pb_text admin_label=\u00a0\u00bbTexte\u00a0\u00bb _builder_version=\u00a0\u00bb3.0.51&Prime; background_layout=\u00a0\u00bblight\u00a0\u00bb text_orientation=\u00a0\u00bbcenter\u00a0\u00bb text_text_color=\u00a0\u00bb#1c307e\u00a0\u00bb border_style=\u00a0\u00bbsolid\u00a0\u00bb]<\/p>\n<h1><span style=\"font-size: 14pt; color: #1c307e; font-family: helvetica, arial, sans-serif;\">Vous \u00eates un Particulier<\/span><\/h1>\n<p>[\/et_pb_text][\/et_pb_column][\/et_pb_row][et_pb_row admin_label=\u00a0\u00bbLigne\u00a0\u00bb background_position=\u00a0\u00bbtop_left\u00a0\u00bb background_repeat=\u00a0\u00bbrepeat\u00a0\u00bb background_size=\u00a0\u00bbinitial\u00a0\u00bb][et_pb_column type=\u00a0\u00bb1_3&Prime;][\/et_pb_column][et_pb_column type=\u00a0\u00bb1_3&Prime;][\/et_pb_column][et_pb_column type=\u00a0\u00bb1_3&Prime;][\/et_pb_column][\/et_pb_row][\/et_pb_section]<\/p>\n","protected":false},"excerpt":{"rendered":"<p>Vous \u00eates un Bureau d&rsquo;\u00e9tudes ou une commune Vous \u00eates une Structure socio-culturelle, \u00e9ducative ou de loisirs Vous \u00eates un Particulier<\/p>\n","protected":false},"author":1,"featured_media":0,"parent":0,"menu_order":0,"comment_status":"closed","ping_status":"closed","template":"","meta":{"_et_pb_use_builder":"on","_et_pb_old_content":"","_et_gb_content_width":"","footnotes":""},"class_list":["post-117","page","type-page","status-publish","hentry"],"yoast_head":"<!-- This site is optimized with the Yoast SEO plugin v24.1 - https:\/\/yoast.com\/wordpress\/plugins\/seo\/ -->\n<title>Services - Rhizome &amp; Horizon<\/title>\n<meta name=\"description\" content=\"Rhizome &amp; Horizon vous propose des coachings personnalis\u00e9s ou des ateliers collectifs de conseils en am\u00e9nagement paysager. Contactez moi au 06 23 79 32 61 !\" \/>\n<meta name=\"robots\" content=\"index, follow, max-snippet:-1, max-image-preview:large, max-video-preview:-1\" \/>\n<link rel=\"canonical\" href=\"https:\/\/rhizomehorizon-paysage.fr\/index.php\/accueil-2\/\" \/>\n<meta property=\"og:locale\" content=\"fr_FR\" \/>\n<meta property=\"og:type\" content=\"article\" \/>\n<meta property=\"og:title\" content=\"Services - Rhizome &amp; Horizon\" \/>\n<meta property=\"og:description\" content=\"Rhizome &amp; Horizon vous propose des coachings personnalis\u00e9s ou des ateliers collectifs de conseils en am\u00e9nagement paysager. Contactez moi au 06 23 79 32 61 !\" \/>\n<meta property=\"og:url\" content=\"https:\/\/rhizomehorizon-paysage.fr\/index.php\/accueil-2\/\" \/>\n<meta property=\"og:site_name\" content=\"Rhizome &amp; Horizon\" \/>\n<meta property=\"article:modified_time\" content=\"2017-07-06T12:44:44+00:00\" \/>\n<meta name=\"twitter:card\" content=\"summary_large_image\" \/>\n<meta name=\"twitter:label1\" content=\"Dur\u00e9e de lecture estim\u00e9e\" \/>\n\t<meta name=\"twitter:data1\" content=\"2 minutes\" \/>\n<script type=\"application\/ld+json\" class=\"yoast-schema-graph\">{\"@context\":\"https:\/\/schema.org\",\"@graph\":[{\"@type\":\"WebPage\",\"@id\":\"https:\/\/rhizomehorizon-paysage.fr\/index.php\/accueil-2\/\",\"url\":\"https:\/\/rhizomehorizon-paysage.fr\/index.php\/accueil-2\/\",\"name\":\"Services - Rhizome &amp; Horizon\",\"isPartOf\":{\"@id\":\"https:\/\/rhizomehorizon-paysage.fr\/#website\"},\"datePublished\":\"2017-06-26T08:24:38+00:00\",\"dateModified\":\"2017-07-06T12:44:44+00:00\",\"description\":\"Rhizome & Horizon vous propose des coachings personnalis\u00e9s ou des ateliers collectifs de conseils en am\u00e9nagement paysager. Contactez moi au 06 23 79 32 61 !\",\"breadcrumb\":{\"@id\":\"https:\/\/rhizomehorizon-paysage.fr\/index.php\/accueil-2\/#breadcrumb\"},\"inLanguage\":\"fr-FR\",\"potentialAction\":[{\"@type\":\"ReadAction\",\"target\":[\"https:\/\/rhizomehorizon-paysage.fr\/index.php\/accueil-2\/\"]}]},{\"@type\":\"BreadcrumbList\",\"@id\":\"https:\/\/rhizomehorizon-paysage.fr\/index.php\/accueil-2\/#breadcrumb\",\"itemListElement\":[{\"@type\":\"ListItem\",\"position\":1,\"name\":\"Accueil\",\"item\":\"https:\/\/rhizomehorizon-paysage.fr\/\"},{\"@type\":\"ListItem\",\"position\":2,\"name\":\"Services\"}]},{\"@type\":\"WebSite\",\"@id\":\"https:\/\/rhizomehorizon-paysage.fr\/#website\",\"url\":\"https:\/\/rhizomehorizon-paysage.fr\/\",\"name\":\"Rhizome &amp; Horizon\",\"description\":\"Paysagiste conceptrice - Animatrice nature Valenciennes\",\"potentialAction\":[{\"@type\":\"SearchAction\",\"target\":{\"@type\":\"EntryPoint\",\"urlTemplate\":\"https:\/\/rhizomehorizon-paysage.fr\/?s={search_term_string}\"},\"query-input\":{\"@type\":\"PropertyValueSpecification\",\"valueRequired\":true,\"valueName\":\"search_term_string\"}}],\"inLanguage\":\"fr-FR\"}]}<\/script>\n<!-- \/ Yoast SEO plugin. -->","yoast_head_json":{"title":"Services - Rhizome &amp; Horizon","description":"Rhizome & Horizon vous propose des coachings personnalis\u00e9s ou des ateliers collectifs de conseils en am\u00e9nagement paysager. Contactez moi au 06 23 79 32 61 !","robots":{"index":"index","follow":"follow","max-snippet":"max-snippet:-1","max-image-preview":"max-image-preview:large","max-video-preview":"max-video-preview:-1"},"canonical":"https:\/\/rhizomehorizon-paysage.fr\/index.php\/accueil-2\/","og_locale":"fr_FR","og_type":"article","og_title":"Services - Rhizome &amp; Horizon","og_description":"Rhizome & Horizon vous propose des coachings personnalis\u00e9s ou des ateliers collectifs de conseils en am\u00e9nagement paysager. Contactez moi au 06 23 79 32 61 !","og_url":"https:\/\/rhizomehorizon-paysage.fr\/index.php\/accueil-2\/","og_site_name":"Rhizome &amp; Horizon","article_modified_time":"2017-07-06T12:44:44+00:00","twitter_card":"summary_large_image","twitter_misc":{"Dur\u00e9e de lecture estim\u00e9e":"2 minutes"},"schema":{"@context":"https:\/\/schema.org","@graph":[{"@type":"WebPage","@id":"https:\/\/rhizomehorizon-paysage.fr\/index.php\/accueil-2\/","url":"https:\/\/rhizomehorizon-paysage.fr\/index.php\/accueil-2\/","name":"Services - Rhizome &amp; Horizon","isPartOf":{"@id":"https:\/\/rhizomehorizon-paysage.fr\/#website"},"datePublished":"2017-06-26T08:24:38+00:00","dateModified":"2017-07-06T12:44:44+00:00","description":"Rhizome & Horizon vous propose des coachings personnalis\u00e9s ou des ateliers collectifs de conseils en am\u00e9nagement paysager. Contactez moi au 06 23 79 32 61 !","breadcrumb":{"@id":"https:\/\/rhizomehorizon-paysage.fr\/index.php\/accueil-2\/#breadcrumb"},"inLanguage":"fr-FR","potentialAction":[{"@type":"ReadAction","target":["https:\/\/rhizomehorizon-paysage.fr\/index.php\/accueil-2\/"]}]},{"@type":"BreadcrumbList","@id":"https:\/\/rhizomehorizon-paysage.fr\/index.php\/accueil-2\/#breadcrumb","itemListElement":[{"@type":"ListItem","position":1,"name":"Accueil","item":"https:\/\/rhizomehorizon-paysage.fr\/"},{"@type":"ListItem","position":2,"name":"Services"}]},{"@type":"WebSite","@id":"https:\/\/rhizomehorizon-paysage.fr\/#website","url":"https:\/\/rhizomehorizon-paysage.fr\/","name":"Rhizome &amp; Horizon","description":"Paysagiste conceptrice - Animatrice nature Valenciennes","potentialAction":[{"@type":"SearchAction","target":{"@type":"EntryPoint","urlTemplate":"https:\/\/rhizomehorizon-paysage.fr\/?s={search_term_string}"},"query-input":{"@type":"PropertyValueSpecification","valueRequired":true,"valueName":"search_term_string"}}],"inLanguage":"fr-FR"}]}},"_links":{"self":[{"href":"https:\/\/rhizomehorizon-paysage.fr\/index.php\/wp-json\/wp\/v2\/pages\/117","targetHints":{"allow":["GET"]}}],"collection":[{"href":"https:\/\/rhizomehorizon-paysage.fr\/index.php\/wp-json\/wp\/v2\/pages"}],"about":[{"href":"https:\/\/rhizomehorizon-paysage.fr\/index.php\/wp-json\/wp\/v2\/types\/page"}],"author":[{"embeddable":true,"href":"https:\/\/rhizomehorizon-paysage.fr\/index.php\/wp-json\/wp\/v2\/users\/1"}],"replies":[{"embeddable":true,"href":"https:\/\/rhizomehorizon-paysage.fr\/index.php\/wp-json\/wp\/v2\/comments?post=117"}],"version-history":[{"count":73,"href":"https:\/\/rhizomehorizon-paysage.fr\/index.php\/wp-json\/wp\/v2\/pages\/117\/revisions"}],"predecessor-version":[{"id":587,"href":"https:\/\/rhizomehorizon-paysage.fr\/index.php\/wp-json\/wp\/v2\/pages\/117\/revisions\/587"}],"wp:attachment":[{"href":"https:\/\/rhizomehorizon-paysage.fr\/index.php\/wp-json\/wp\/v2\/media?parent=117"}],"curies":[{"name":"wp","href":"https:\/\/api.w.org\/{rel}","templated":true}]}}