{"id":190,"date":"2017-06-26T14:37:00","date_gmt":"2017-06-26T12:37:00","guid":{"rendered":"http:\/\/rhizomehorizon-paysage.fr\/?page_id=190"},"modified":"2023-05-04T22:08:15","modified_gmt":"2023-05-04T20:08:15","slug":"contact","status":"publish","type":"page","link":"https:\/\/rhizomehorizon-paysage.fr\/index.php\/contact\/","title":{"rendered":"Contact et R\u00e9servation"},"content":{"rendered":"\n[et_pb_section fb_built=\u00a0\u00bb1&Prime; fullwidth=\u00a0\u00bbon\u00a0\u00bb _builder_version=\u00a0\u00bb4.16&Prime; global_colors_info=\u00a0\u00bb{}\u00a0\u00bb][et_pb_fullwidth_image src=\u00a0\u00bbhttps:\/\/rhizomehorizon-paysage.fr\/wp-content\/uploads\/2017\/06\/horizon-a\u00e9rien-1.jpg\u00a0\u00bb _builder_version=\u00a0\u00bb4.16&Prime; animation=\u00a0\u00bboff\u00a0\u00bb border_style=\u00a0\u00bbsolid\u00a0\u00bb global_colors_info=\u00a0\u00bb{}\u00a0\u00bb][\/et_pb_fullwidth_image][\/et_pb_section][et_pb_section fb_built=\u00a0\u00bb1&Prime; admin_label=\u00a0\u00bbsection\u00a0\u00bb _builder_version=\u00a0\u00bb4.16&Prime; global_colors_info=\u00a0\u00bb{}\u00a0\u00bb][et_pb_row admin_label=\u00a0\u00bbrow\u00a0\u00bb _builder_version=\u00a0\u00bb4.16&Prime; background_size=\u00a0\u00bbinitial\u00a0\u00bb background_position=\u00a0\u00bbtop_left\u00a0\u00bb background_repeat=\u00a0\u00bbrepeat\u00a0\u00bb global_colors_info=\u00a0\u00bb{}\u00a0\u00bb][et_pb_column type=\u00a0\u00bb4_4&Prime; _builder_version=\u00a0\u00bb4.16&Prime; custom_padding=\u00a0\u00bb|||\u00a0\u00bb global_colors_info=\u00a0\u00bb{}\u00a0\u00bb custom_padding__hover=\u00a0\u00bb|||\u00a0\u00bb][et_pb_text admin_label=\u00a0\u00bbText\u00a0\u00bb _builder_version=\u00a0\u00bb4.16&Prime; background_size=\u00a0\u00bbinitial\u00a0\u00bb background_position=\u00a0\u00bbtop_left\u00a0\u00bb background_repeat=\u00a0\u00bbrepeat\u00a0\u00bb global_colors_info=\u00a0\u00bb{}\u00a0\u00bb]<h1>Pour me contacter<\/h1>\r\n<span style=\"font-size: 14pt; font-family: helvetica, arial, sans-serif;\"><strong><span style=\"color: #62b32d;\">T\u00e9l\u00e9phone<\/span><span style=\"color: #000000;\"> :<\/span><span style=\"color: #000000;\">\u00a006 23 79 32 6<\/span><\/strong><\/span><span style=\"font-size: 14pt; font-family: helvetica, arial, sans-serif;\"><strong><span style=\"color: #000000;\">1 <\/span><\/strong><\/span>\r\n\r\n<span style=\"font-size: 14pt; font-family: helvetica, arial, sans-serif;\"><strong><span style=\"color: #000000;\">Du lundi au samedi de 9h \u00e0 19h, <\/span><\/strong><span style=\"color: #000000;\">e<\/span><\/span><span style=\"font-size: 14pt; font-family: helvetica, arial, sans-serif; color: #000000;\">n cours de conseil ou d&rsquo;animation il se peut que je ne vous r\u00e9ponde pas, surtout, laissez moi un message avec l&rsquo;objet de votre demande et vos coordonn\u00e9es, je vous rappellerai d\u00e8s que possible.<\/span>\r\n\r\n<span style=\"font-size: 14pt; font-family: helvetica, arial, sans-serif;\"><strong><span style=\"color: #62b32d;\">Adresse<\/span><span style=\"color: #000000;\"> :<\/span><span style=\"color: #000000;\">\u00a0contact@rhizomehorizon-paysage.fr<\/span><\/strong><\/span>\r\n<h1><span style=\"font-size: 14pt; font-family: helvetica, arial, sans-serif; color: #000000;\"><strong>Rhizome &amp; Horizon se d\u00e9place<\/strong> jusque chez vous sans frais kilom\u00e9trique jusqu&rsquo;\u00e0 40 km depuis Valenciennes.<\/span><\/h1>\r\n&nbsp;\r[\/et_pb_text][et_pb_text _builder_version=\u00a0\u00bb4.16&Prime; text_font=\u00a0\u00bb||||||||\u00a0\u00bb global_colors_info=\u00a0\u00bb{}\u00a0\u00bb disabled_on=\u00a0\u00bbon|on|on\u00a0\u00bb disabled=\u00a0\u00bbon\u00a0\u00bb]<h1><span style=\"color: #000000;\">Programmation des prochains \u00e9v\u00e8nements<\/span><\/h1>\n<p>&nbsp;<\/p>\n<h1><span style=\"color: #1c307e;\">Animation nature<\/span><\/h1>\n<p><span style=\"color: #000000; font-size: 14pt; font-family: helvetica, arial, sans-serif;\">\u221a. <span style=\"color: #62b32d;\">Au PARC PURE AVENTURE<\/span>, Raismes<\/span><\/p>\n<p><span style=\"color: #000000; font-size: 14pt; font-family: helvetica, arial, sans-serif;\">Les annimations nature y sont pour le moment suspendues. Merci de votre compr\u00e9hension.<\/span><\/p>\n<p><span style=\"color: #000000; font-size: 14pt; font-family: helvetica, arial, sans-serif;\"><\/span><\/p>\n<p><span style=\"color: #000000; font-size: 14pt; font-family: helvetica, arial, sans-serif;\">\u221a. <span style=\"color: #62b32d;\">Au DRIVE DES 4 SAISONS<\/span>, Valenciennes <\/span><\/p>\n<p><span style=\"color: #000000; font-size: 14pt; font-family: helvetica, arial, sans-serif;\"><span>Les annimations nature y sont pour le moment suspendues. Merci de votre compr\u00e9hension.<\/span><\/span><\/p>\n<p><span style=\"color: #000000; font-size: 14pt; font-family: helvetica, arial, sans-serif;\"><span><\/span><\/span><\/p>\n<p><span style=\"color: #000000; font-family: helvetica, arial, sans-serif; font-size: 14pt;\">\u221a. <\/span><span style=\"font-family: helvetica, arial, sans-serif; font-size: 14pt; color: #62b32d;\">Au CLOS DU CARME<\/span><span style=\"color: #000000; font-family: helvetica, arial, sans-serif; font-size: 14pt;\">, Saint-Amand-les-Eaux<\/span><br \/> <span style=\"color: #000000; font-size: 14pt; font-family: helvetica, arial, sans-serif;\"><\/span><\/p>\n<p><span style=\"color: #000000; font-family: helvetica, arial, sans-serif; font-size: 14pt;\"><span>Les annimations nature y sont pour le moment suspendues. Merci de votre compr\u00e9hension.<\/span><\/span><\/p>\n<p><span style=\"color: #000000; font-family: helvetica, arial, sans-serif; font-size: 14pt;\"><span><\/span><\/span><\/p>\n<p><span style=\"color: #000000; font-size: 14pt; font-family: helvetica, arial, sans-serif;\">\u221a. <span style=\"color: #62b32d;\">A l&rsquo;ECURIE DE L&rsquo;OREE DU BOIS<\/span>, Saint-Amand-les-Eaux <\/span><\/p>\n<p><span style=\"color: #000000; font-size: 14pt; font-family: helvetica, arial, sans-serif;\"><span>Les annimations nature y sont pour le moment suspendues. Merci de votre compr\u00e9hension.<\/span><\/span><\/p>\n<p>&nbsp;<\/p>\n<p>&nbsp;<\/p>\n<h1><span style=\"color: #1c307e;\">Randonn\u00e9e de lecture du paysage<\/span><\/h1>\n<h2><span style=\"font-family: helvetica, arial, sans-serif; font-size: 12pt; color: #000000;\"><span style=\"color: #000000; font-size: 14pt; font-family: helvetica, arial, sans-serif;\">\u221a. <\/span><span style=\"color: #000000; font-size: 14pt; font-family: helvetica, arial, sans-serif;\"><span style=\"color: #62b32d;\">De retour au mois\u00a0<\/span><\/span><\/span><span style=\"color: #62b32d; font-family: helvetica, arial, sans-serif; font-size: large;\"><span style=\"caret-color: #62b32d;\">d&rsquo;avril 2019 !<\/span><\/span><\/h2>\n<p><span style=\"color: #000000; font-size: 12pt; font-family: helvetica, arial, sans-serif;\">Uniquement sur r\u00e9servation (me contacter par mail ou t\u00e9l\u00e9phone) et selon le nombre de place disponible.<\/span><\/p>\n<h2><span style=\"font-family: helvetica, arial, sans-serif; font-size: 12pt; color: #000000;\"><span style=\"color: #000000; font-size: 14pt; font-family: helvetica, arial, sans-serif;\">\u221a. <\/span><\/span><span style=\"color: #62b32d; font-family: helvetica, arial, sans-serif; font-size: 14pt;\">Vous avez un groupe, un lieu, une date et l&rsquo;envie d&rsquo;une randonn\u00e9e originale : Contactez moi !<\/span><\/h2>\n<p>&nbsp;<\/p>\n<h1><span style=\"color: #1c307e;\">Atelier collectif de conseils en am\u00e9nagement paysager<\/span><\/h1>\n<p><span style=\"font-family: helvetica, arial, sans-serif; font-size: 12pt; color: #000000;\"><span style=\"color: #000000; font-size: 14pt; font-family: helvetica, arial, sans-serif;\">\u221a. <span style=\"color: #62b32d;\">Chez ETS CHOQUEL<\/span>, Villeneuve d&rsquo;Ascq <\/span><\/span><\/p>\n<p><span style=\"font-family: helvetica, arial, sans-serif; font-size: 12pt; color: #000000;\"><span style=\"color: #000000; font-size: 14pt; font-family: helvetica, arial, sans-serif;\"><span>Les annimations nature y sont pour le moment suspendues.\u00a0<\/span><\/span><\/span><\/p>\n<p><span style=\"color: #000000; font-size: 14pt; font-family: helvetica, arial, sans-serif;\"><\/span><\/p>\n<p><span style=\"font-family: helvetica, arial, sans-serif; font-size: 12pt; color: #000000;\">Uniquement sur r\u00e9servation (me contacter par mail ou t\u00e9l\u00e9phone) et selon le nombre de place disponible.<\/span><\/p>\n<p>&nbsp;<\/p>[\/et_pb_text][\/et_pb_column][\/et_pb_row][\/et_pb_section]\n","protected":false},"excerpt":{"rendered":"<p>Pour me contacter T\u00e9l\u00e9phone :\u00a006 23 79 32 61 Du lundi au samedi de 9h \u00e0 19h, en cours de conseil ou d&rsquo;animation il se peut que je ne vous r\u00e9ponde pas, surtout, laissez moi un message avec l&rsquo;objet de votre demande et vos coordonn\u00e9es, je vous rappellerai d\u00e8s que possible. Adresse :\u00a0contact@rhizomehorizon-paysage.fr Rhizome &amp; [&hellip;]<\/p>\n","protected":false},"author":1,"featured_media":0,"parent":0,"menu_order":0,"comment_status":"closed","ping_status":"closed","template":"","meta":{"_et_pb_use_builder":"on","_et_pb_old_content":"","_et_gb_content_width":"","footnotes":""},"class_list":["post-190","page","type-page","status-publish","hentry"],"yoast_head":"<!-- This site is optimized with the Yoast SEO plugin v24.1 - https:\/\/yoast.com\/wordpress\/plugins\/seo\/ -->\n<title>Contact et R\u00e9servation - Rhizome &amp; Horizon<\/title>\n<meta name=\"robots\" content=\"index, follow, max-snippet:-1, max-image-preview:large, max-video-preview:-1\" \/>\n<link rel=\"canonical\" href=\"https:\/\/rhizomehorizon-paysage.fr\/index.php\/contact\/\" \/>\n<meta property=\"og:locale\" content=\"fr_FR\" \/>\n<meta property=\"og:type\" content=\"article\" \/>\n<meta property=\"og:title\" content=\"Contact et R\u00e9servation - Rhizome &amp; Horizon\" \/>\n<meta property=\"og:description\" content=\"Pour me contacter T\u00e9l\u00e9phone :\u00a006 23 79 32 61 Du lundi au samedi de 9h \u00e0 19h, en cours de conseil ou d&#039;animation il se peut que je ne vous r\u00e9ponde pas, surtout, laissez moi un message avec l&#039;objet de votre demande et vos coordonn\u00e9es, je vous rappellerai d\u00e8s que possible. Adresse :\u00a0contact@rhizomehorizon-paysage.fr Rhizome &amp; [&hellip;]\" \/>\n<meta property=\"og:url\" content=\"https:\/\/rhizomehorizon-paysage.fr\/index.php\/contact\/\" \/>\n<meta property=\"og:site_name\" content=\"Rhizome &amp; Horizon\" \/>\n<meta property=\"article:modified_time\" content=\"2023-05-04T20:08:15+00:00\" \/>\n<meta name=\"twitter:card\" content=\"summary_large_image\" \/>\n<meta name=\"twitter:label1\" content=\"Dur\u00e9e de lecture estim\u00e9e\" \/>\n\t<meta name=\"twitter:data1\" content=\"2 minutes\" \/>\n<script type=\"application\/ld+json\" class=\"yoast-schema-graph\">{\"@context\":\"https:\/\/schema.org\",\"@graph\":[{\"@type\":\"WebPage\",\"@id\":\"https:\/\/rhizomehorizon-paysage.fr\/index.php\/contact\/\",\"url\":\"https:\/\/rhizomehorizon-paysage.fr\/index.php\/contact\/\",\"name\":\"Contact et R\u00e9servation - Rhizome &amp; Horizon\",\"isPartOf\":{\"@id\":\"https:\/\/rhizomehorizon-paysage.fr\/#website\"},\"datePublished\":\"2017-06-26T12:37:00+00:00\",\"dateModified\":\"2023-05-04T20:08:15+00:00\",\"breadcrumb\":{\"@id\":\"https:\/\/rhizomehorizon-paysage.fr\/index.php\/contact\/#breadcrumb\"},\"inLanguage\":\"fr-FR\",\"potentialAction\":[{\"@type\":\"ReadAction\",\"target\":[\"https:\/\/rhizomehorizon-paysage.fr\/index.php\/contact\/\"]}]},{\"@type\":\"BreadcrumbList\",\"@id\":\"https:\/\/rhizomehorizon-paysage.fr\/index.php\/contact\/#breadcrumb\",\"itemListElement\":[{\"@type\":\"ListItem\",\"position\":1,\"name\":\"Accueil\",\"item\":\"https:\/\/rhizomehorizon-paysage.fr\/\"},{\"@type\":\"ListItem\",\"position\":2,\"name\":\"Contact et R\u00e9servation\"}]},{\"@type\":\"WebSite\",\"@id\":\"https:\/\/rhizomehorizon-paysage.fr\/#website\",\"url\":\"https:\/\/rhizomehorizon-paysage.fr\/\",\"name\":\"Rhizome &amp; Horizon\",\"description\":\"Paysagiste conceptrice - Animatrice nature Valenciennes\",\"potentialAction\":[{\"@type\":\"SearchAction\",\"target\":{\"@type\":\"EntryPoint\",\"urlTemplate\":\"https:\/\/rhizomehorizon-paysage.fr\/?s={search_term_string}\"},\"query-input\":{\"@type\":\"PropertyValueSpecification\",\"valueRequired\":true,\"valueName\":\"search_term_string\"}}],\"inLanguage\":\"fr-FR\"}]}<\/script>\n<!-- \/ Yoast SEO plugin. -->","yoast_head_json":{"title":"Contact et R\u00e9servation - Rhizome &amp; Horizon","robots":{"index":"index","follow":"follow","max-snippet":"max-snippet:-1","max-image-preview":"max-image-preview:large","max-video-preview":"max-video-preview:-1"},"canonical":"https:\/\/rhizomehorizon-paysage.fr\/index.php\/contact\/","og_locale":"fr_FR","og_type":"article","og_title":"Contact et R\u00e9servation - Rhizome &amp; Horizon","og_description":"Pour me contacter T\u00e9l\u00e9phone :\u00a006 23 79 32 61 Du lundi au samedi de 9h \u00e0 19h, en cours de conseil ou d'animation il se peut que je ne vous r\u00e9ponde pas, surtout, laissez moi un message avec l'objet de votre demande et vos coordonn\u00e9es, je vous rappellerai d\u00e8s que possible. Adresse :\u00a0contact@rhizomehorizon-paysage.fr Rhizome &amp; [&hellip;]","og_url":"https:\/\/rhizomehorizon-paysage.fr\/index.php\/contact\/","og_site_name":"Rhizome &amp; Horizon","article_modified_time":"2023-05-04T20:08:15+00:00","twitter_card":"summary_large_image","twitter_misc":{"Dur\u00e9e de lecture estim\u00e9e":"2 minutes"},"schema":{"@context":"https:\/\/schema.org","@graph":[{"@type":"WebPage","@id":"https:\/\/rhizomehorizon-paysage.fr\/index.php\/contact\/","url":"https:\/\/rhizomehorizon-paysage.fr\/index.php\/contact\/","name":"Contact et R\u00e9servation - Rhizome &amp; Horizon","isPartOf":{"@id":"https:\/\/rhizomehorizon-paysage.fr\/#website"},"datePublished":"2017-06-26T12:37:00+00:00","dateModified":"2023-05-04T20:08:15+00:00","breadcrumb":{"@id":"https:\/\/rhizomehorizon-paysage.fr\/index.php\/contact\/#breadcrumb"},"inLanguage":"fr-FR","potentialAction":[{"@type":"ReadAction","target":["https:\/\/rhizomehorizon-paysage.fr\/index.php\/contact\/"]}]},{"@type":"BreadcrumbList","@id":"https:\/\/rhizomehorizon-paysage.fr\/index.php\/contact\/#breadcrumb","itemListElement":[{"@type":"ListItem","position":1,"name":"Accueil","item":"https:\/\/rhizomehorizon-paysage.fr\/"},{"@type":"ListItem","position":2,"name":"Contact et R\u00e9servation"}]},{"@type":"WebSite","@id":"https:\/\/rhizomehorizon-paysage.fr\/#website","url":"https:\/\/rhizomehorizon-paysage.fr\/","name":"Rhizome &amp; Horizon","description":"Paysagiste conceptrice - Animatrice nature Valenciennes","potentialAction":[{"@type":"SearchAction","target":{"@type":"EntryPoint","urlTemplate":"https:\/\/rhizomehorizon-paysage.fr\/?s={search_term_string}"},"query-input":{"@type":"PropertyValueSpecification","valueRequired":true,"valueName":"search_term_string"}}],"inLanguage":"fr-FR"}]}},"_links":{"self":[{"href":"https:\/\/rhizomehorizon-paysage.fr\/index.php\/wp-json\/wp\/v2\/pages\/190","targetHints":{"allow":["GET"]}}],"collection":[{"href":"https:\/\/rhizomehorizon-paysage.fr\/index.php\/wp-json\/wp\/v2\/pages"}],"about":[{"href":"https:\/\/rhizomehorizon-paysage.fr\/index.php\/wp-json\/wp\/v2\/types\/page"}],"author":[{"embeddable":true,"href":"https:\/\/rhizomehorizon-paysage.fr\/index.php\/wp-json\/wp\/v2\/users\/1"}],"replies":[{"embeddable":true,"href":"https:\/\/rhizomehorizon-paysage.fr\/index.php\/wp-json\/wp\/v2\/comments?post=190"}],"version-history":[{"count":63,"href":"https:\/\/rhizomehorizon-paysage.fr\/index.php\/wp-json\/wp\/v2\/pages\/190\/revisions"}],"predecessor-version":[{"id":1452,"href":"https:\/\/rhizomehorizon-paysage.fr\/index.php\/wp-json\/wp\/v2\/pages\/190\/revisions\/1452"}],"wp:attachment":[{"href":"https:\/\/rhizomehorizon-paysage.fr\/index.php\/wp-json\/wp\/v2\/media?parent=190"}],"curies":[{"name":"wp","href":"https:\/\/api.w.org\/{rel}","templated":true}]}}