{"id":194,"date":"2017-06-26T14:40:07","date_gmt":"2017-06-26T12:40:07","guid":{"rendered":"http:\/\/rhizomehorizon-paysage.fr\/?page_id=194"},"modified":"2017-08-27T10:47:19","modified_gmt":"2017-08-27T08:47:19","slug":"adeline-requin-latelier-rhizome-horizon","status":"publish","type":"page","link":"https:\/\/rhizomehorizon-paysage.fr\/index.php\/adeline-requin-latelier-rhizome-horizon\/","title":{"rendered":"Adeline Requin et l&rsquo;atelier Rhizome &#038; Horizon"},"content":{"rendered":"<p>[et_pb_section bb_built=\u00a0\u00bb1&Prime; admin_label=\u00a0\u00bbSection\u00a0\u00bb fullwidth=\u00a0\u00bbon\u00a0\u00bb specialty=\u00a0\u00bboff\u00a0\u00bb][et_pb_fullwidth_image admin_label=\u00a0\u00bbImage en pleine largeur\u00a0\u00bb _builder_version=\u00a0\u00bb3.0.51&Prime; src=\u00a0\u00bbhttps:\/\/rhizomehorizon-paysage.fr\/wp-content\/uploads\/2017\/06\/Adeline-Requin-1.jpg\u00a0\u00bb show_in_lightbox=\u00a0\u00bboff\u00a0\u00bb url_new_window=\u00a0\u00bboff\u00a0\u00bb use_overlay=\u00a0\u00bboff\u00a0\u00bb border_style=\u00a0\u00bbsolid\u00a0\u00bb animation=\u00a0\u00bboff\u00a0\u00bb \/][\/et_pb_section][et_pb_section bb_built=\u00a0\u00bb1&Prime; admin_label=\u00a0\u00bbSection\u00a0\u00bb fullwidth=\u00a0\u00bboff\u00a0\u00bb specialty=\u00a0\u00bboff\u00a0\u00bb _builder_version=\u00a0\u00bb3.0.51&Prime; background_image=\u00a0\u00bbhttps:\/\/rhizomehorizon-paysage.fr\/wp-content\/uploads\/2017\/06\/Bouleau-fond-copie.jpg\u00a0\u00bb][et_pb_row admin_label=\u00a0\u00bbLigne\u00a0\u00bb background_position=\u00a0\u00bbtop_left\u00a0\u00bb background_repeat=\u00a0\u00bbrepeat\u00a0\u00bb background_size=\u00a0\u00bbinitial\u00a0\u00bb][et_pb_column type=\u00a0\u00bb4_4&Prime;][et_pb_text admin_label=\u00a0\u00bbTexte\u00a0\u00bb _builder_version=\u00a0\u00bb3.0.51&Prime; background_layout=\u00a0\u00bblight\u00a0\u00bb text_orientation=\u00a0\u00bbjustified\u00a0\u00bb border_style=\u00a0\u00bbsolid\u00a0\u00bb]<\/p>\n<p style=\"text-align: justify;\"><span style=\"font-family: helvetica, arial, sans-serif; font-size: 12pt;\"><span style=\"color: #000000;\">Rhizome &amp; Horizon est l&rsquo;atelier de conseil en am\u00e9nagement paysager et d&rsquo;animation nature de Valenciennes cr\u00e9er en juillet 2017 par<\/span>\u00a0<span style=\"color: #62b32d;\"><strong>Adeline Requin<\/strong><\/span>.<\/span><\/p>\n<p style=\"text-align: justify;\"><span style=\"font-size: 12pt; color: #000000;\"><span style=\"font-family: helvetica, arial, sans-serif;\"><strong>Paysagiste conceptrice<\/strong>,\u00a0<\/span><span style=\"font-family: helvetica, arial, sans-serif;\">g\u00e9rante de l&rsquo;atelier Rhizome &amp; Horizon, je suis dipl\u00f4m\u00e9e de l&rsquo;ENSAPL (Ecole Nationale Sup\u00e9rieure d&rsquo;Architecture et du Paysage de Lille) depuis 2012. J&rsquo;ai travaill\u00e9 4 ans au sein d\u2019un bureau d\u2019\u00e9tudes lillois o\u00f9 j&rsquo;ai pu mener des projets de ma\u00eetrise d&rsquo;oeuvre, de l&rsquo;appel d&rsquo;offre au suivi de chantier, des \u00e9tudes urbaines et paysag\u00e8res \u00e0 l&rsquo;\u00e9chelle du quartier, communale et du territoire (Atlas des paysages, Document d&rsquo;Orientation du Littoral). Aujourd\u2019hui, install\u00e9e \u00e0 mon compte, je peux m&rsquo;associer avec des bureaux d&rsquo;\u00e9tudes afin de r\u00e9pondre \u00e0 des appels d&rsquo;offre ou les appuyer en cas de forte charge de travail et leur apporter ses comp\u00e9tences dans le domaine de la conception paysag\u00e8re, du graphisme et de la concertation. Je souhaite accompagner les communes rurales pour les orienter dans leurs r\u00e9flexions d\u2019am\u00e9nagement urbain ou bien les soutenir dans leur d\u00e9marche de labellisation Villes et villages fleuris.\u00a0<\/span><span style=\"font-family: helvetica, arial, sans-serif;\">Aussi, je propose aux particuliers selon plusieurs formules, individuelles ou collectives, de les accompagner dans la conception de leurs espaces ext\u00e9rieurs, du balcon au grand jardin.<\/span><\/span><\/p>\n<p style=\"text-align: left;\"><span style=\"font-size: 12pt; color: #000000;\"><span style=\"font-family: helvetica, arial, sans-serif;\"><strong>Animatrice Nature<\/strong>, <span style=\"color: #000000;\">je sais monter un projet p\u00e9dagogique, ludique, essentiellement \u00e0 destination des enfants, mais aussi proposer des animations \u00e0 destination des personnes \u00e2g\u00e9es. J&rsquo;organise des\u00a0 ateliers d\u2019apprentissage ou de divertissement ainsi que des randonn\u00e9es de lecture du paysage, ax\u00e9s sur la nature et notre environnement.\u00a0<\/span>Faisant appel aux arts plastiques, aux jeux et au bricolage, ces animations sont \u00e0 destination de divers publics : enfants de 2 \u00e0 17 ans, personnes \u00e2g\u00e9es, familles et engagent l\u2019interg\u00e9n\u00e9ration autant que possible. M<\/span><\/span><span style=\"font-family: helvetica, arial, sans-serif; font-size: 12pt; color: #000000;\">a flexibilit\u00e9 me permet de satisfaire les besoins des particuliers tout autant que ceux des structures socio-culturelles, \u00e9ducatives et de loisirs publiques comme priv\u00e9es. Mon intervention peut dynamiser vos \u00e9v\u00e9nements grand public type salon du jardin, Jardinades, F\u00eate communale, portes-ouvertes ou r\u00e9ception familiale&#8230;<\/span><\/p>\n<p><span style=\"font-size: 12pt; color: #000000; font-family: helvetica, arial, sans-serif;\">Fort de ces exp\u00e9riences l&rsquo;atelier Rhizome &amp; Horizon se met \u00e0 votre service !<\/span><\/p>\n<p>[\/et_pb_text][\/et_pb_column][\/et_pb_row][\/et_pb_section]<\/p>\n","protected":false},"excerpt":{"rendered":"<p>Rhizome &amp; Horizon est l&rsquo;atelier de conseil en am\u00e9nagement paysager et d&rsquo;animation nature de Valenciennes cr\u00e9er en juillet 2017 par\u00a0Adeline Requin. Paysagiste conceptrice,\u00a0g\u00e9rante de l&rsquo;atelier Rhizome &amp; Horizon, je suis dipl\u00f4m\u00e9e de l&rsquo;ENSAPL (Ecole Nationale Sup\u00e9rieure d&rsquo;Architecture et du Paysage de Lille) depuis 2012. J&rsquo;ai travaill\u00e9 4 ans au sein d\u2019un bureau d\u2019\u00e9tudes lillois o\u00f9 [&hellip;]<\/p>\n","protected":false},"author":1,"featured_media":0,"parent":0,"menu_order":0,"comment_status":"closed","ping_status":"closed","template":"","meta":{"_et_pb_use_builder":"on","_et_pb_old_content":"","_et_gb_content_width":"","footnotes":""},"class_list":["post-194","page","type-page","status-publish","hentry"],"yoast_head":"<!-- This site is optimized with the Yoast SEO plugin v24.1 - https:\/\/yoast.com\/wordpress\/plugins\/seo\/ -->\n<title>Adeline requin - G\u00e9rante de l&#039;Atelier Rhizome &amp; Horizon<\/title>\n<meta name=\"description\" content=\"Rhizome &amp; Horizon est l&#039;atelier de conception paysag\u00e8re et d&#039;animation nature cr\u00e9\u00e9 \u00e0 Valenciennes par Adeline Requin en juillet 2017.\" \/>\n<meta name=\"robots\" content=\"index, follow, max-snippet:-1, max-image-preview:large, max-video-preview:-1\" \/>\n<link rel=\"canonical\" href=\"https:\/\/rhizomehorizon-paysage.fr\/index.php\/adeline-requin-latelier-rhizome-horizon\/\" \/>\n<meta property=\"og:locale\" content=\"fr_FR\" \/>\n<meta property=\"og:type\" content=\"article\" \/>\n<meta property=\"og:title\" content=\"Adeline requin - G\u00e9rante de l&#039;Atelier Rhizome &amp; Horizon\" \/>\n<meta property=\"og:description\" content=\"Rhizome &amp; Horizon est l&#039;atelier de conception paysag\u00e8re et d&#039;animation nature cr\u00e9\u00e9 \u00e0 Valenciennes par Adeline Requin en juillet 2017.\" \/>\n<meta property=\"og:url\" content=\"https:\/\/rhizomehorizon-paysage.fr\/index.php\/adeline-requin-latelier-rhizome-horizon\/\" \/>\n<meta property=\"og:site_name\" content=\"Rhizome &amp; Horizon\" \/>\n<meta property=\"article:modified_time\" content=\"2017-08-27T08:47:19+00:00\" \/>\n<meta name=\"twitter:card\" content=\"summary_large_image\" \/>\n<meta name=\"twitter:label1\" content=\"Dur\u00e9e de lecture estim\u00e9e\" \/>\n\t<meta name=\"twitter:data1\" content=\"2 minutes\" \/>\n<script type=\"application\/ld+json\" class=\"yoast-schema-graph\">{\"@context\":\"https:\/\/schema.org\",\"@graph\":[{\"@type\":\"WebPage\",\"@id\":\"https:\/\/rhizomehorizon-paysage.fr\/index.php\/adeline-requin-latelier-rhizome-horizon\/\",\"url\":\"https:\/\/rhizomehorizon-paysage.fr\/index.php\/adeline-requin-latelier-rhizome-horizon\/\",\"name\":\"Adeline requin - G\u00e9rante de l'Atelier Rhizome & Horizon\",\"isPartOf\":{\"@id\":\"https:\/\/rhizomehorizon-paysage.fr\/#website\"},\"datePublished\":\"2017-06-26T12:40:07+00:00\",\"dateModified\":\"2017-08-27T08:47:19+00:00\",\"description\":\"Rhizome & Horizon est l'atelier de conception paysag\u00e8re et d'animation nature cr\u00e9\u00e9 \u00e0 Valenciennes par Adeline Requin en juillet 2017.\",\"breadcrumb\":{\"@id\":\"https:\/\/rhizomehorizon-paysage.fr\/index.php\/adeline-requin-latelier-rhizome-horizon\/#breadcrumb\"},\"inLanguage\":\"fr-FR\",\"potentialAction\":[{\"@type\":\"ReadAction\",\"target\":[\"https:\/\/rhizomehorizon-paysage.fr\/index.php\/adeline-requin-latelier-rhizome-horizon\/\"]}]},{\"@type\":\"BreadcrumbList\",\"@id\":\"https:\/\/rhizomehorizon-paysage.fr\/index.php\/adeline-requin-latelier-rhizome-horizon\/#breadcrumb\",\"itemListElement\":[{\"@type\":\"ListItem\",\"position\":1,\"name\":\"Accueil\",\"item\":\"https:\/\/rhizomehorizon-paysage.fr\/\"},{\"@type\":\"ListItem\",\"position\":2,\"name\":\"Adeline Requin et l&rsquo;atelier Rhizome &#038; Horizon\"}]},{\"@type\":\"WebSite\",\"@id\":\"https:\/\/rhizomehorizon-paysage.fr\/#website\",\"url\":\"https:\/\/rhizomehorizon-paysage.fr\/\",\"name\":\"Rhizome &amp; Horizon\",\"description\":\"Paysagiste conceptrice - Animatrice nature Valenciennes\",\"potentialAction\":[{\"@type\":\"SearchAction\",\"target\":{\"@type\":\"EntryPoint\",\"urlTemplate\":\"https:\/\/rhizomehorizon-paysage.fr\/?s={search_term_string}\"},\"query-input\":{\"@type\":\"PropertyValueSpecification\",\"valueRequired\":true,\"valueName\":\"search_term_string\"}}],\"inLanguage\":\"fr-FR\"}]}<\/script>\n<!-- \/ Yoast SEO plugin. -->","yoast_head_json":{"title":"Adeline requin - G\u00e9rante de l'Atelier Rhizome & Horizon","description":"Rhizome & Horizon est l'atelier de conception paysag\u00e8re et d'animation nature cr\u00e9\u00e9 \u00e0 Valenciennes par Adeline Requin en juillet 2017.","robots":{"index":"index","follow":"follow","max-snippet":"max-snippet:-1","max-image-preview":"max-image-preview:large","max-video-preview":"max-video-preview:-1"},"canonical":"https:\/\/rhizomehorizon-paysage.fr\/index.php\/adeline-requin-latelier-rhizome-horizon\/","og_locale":"fr_FR","og_type":"article","og_title":"Adeline requin - G\u00e9rante de l'Atelier Rhizome & Horizon","og_description":"Rhizome & Horizon est l'atelier de conception paysag\u00e8re et d'animation nature cr\u00e9\u00e9 \u00e0 Valenciennes par Adeline Requin en juillet 2017.","og_url":"https:\/\/rhizomehorizon-paysage.fr\/index.php\/adeline-requin-latelier-rhizome-horizon\/","og_site_name":"Rhizome &amp; Horizon","article_modified_time":"2017-08-27T08:47:19+00:00","twitter_card":"summary_large_image","twitter_misc":{"Dur\u00e9e de lecture estim\u00e9e":"2 minutes"},"schema":{"@context":"https:\/\/schema.org","@graph":[{"@type":"WebPage","@id":"https:\/\/rhizomehorizon-paysage.fr\/index.php\/adeline-requin-latelier-rhizome-horizon\/","url":"https:\/\/rhizomehorizon-paysage.fr\/index.php\/adeline-requin-latelier-rhizome-horizon\/","name":"Adeline requin - G\u00e9rante de l'Atelier Rhizome & Horizon","isPartOf":{"@id":"https:\/\/rhizomehorizon-paysage.fr\/#website"},"datePublished":"2017-06-26T12:40:07+00:00","dateModified":"2017-08-27T08:47:19+00:00","description":"Rhizome & Horizon est l'atelier de conception paysag\u00e8re et d'animation nature cr\u00e9\u00e9 \u00e0 Valenciennes par Adeline Requin en juillet 2017.","breadcrumb":{"@id":"https:\/\/rhizomehorizon-paysage.fr\/index.php\/adeline-requin-latelier-rhizome-horizon\/#breadcrumb"},"inLanguage":"fr-FR","potentialAction":[{"@type":"ReadAction","target":["https:\/\/rhizomehorizon-paysage.fr\/index.php\/adeline-requin-latelier-rhizome-horizon\/"]}]},{"@type":"BreadcrumbList","@id":"https:\/\/rhizomehorizon-paysage.fr\/index.php\/adeline-requin-latelier-rhizome-horizon\/#breadcrumb","itemListElement":[{"@type":"ListItem","position":1,"name":"Accueil","item":"https:\/\/rhizomehorizon-paysage.fr\/"},{"@type":"ListItem","position":2,"name":"Adeline Requin et l&rsquo;atelier Rhizome &#038; Horizon"}]},{"@type":"WebSite","@id":"https:\/\/rhizomehorizon-paysage.fr\/#website","url":"https:\/\/rhizomehorizon-paysage.fr\/","name":"Rhizome &amp; Horizon","description":"Paysagiste conceptrice - Animatrice nature Valenciennes","potentialAction":[{"@type":"SearchAction","target":{"@type":"EntryPoint","urlTemplate":"https:\/\/rhizomehorizon-paysage.fr\/?s={search_term_string}"},"query-input":{"@type":"PropertyValueSpecification","valueRequired":true,"valueName":"search_term_string"}}],"inLanguage":"fr-FR"}]}},"_links":{"self":[{"href":"https:\/\/rhizomehorizon-paysage.fr\/index.php\/wp-json\/wp\/v2\/pages\/194","targetHints":{"allow":["GET"]}}],"collection":[{"href":"https:\/\/rhizomehorizon-paysage.fr\/index.php\/wp-json\/wp\/v2\/pages"}],"about":[{"href":"https:\/\/rhizomehorizon-paysage.fr\/index.php\/wp-json\/wp\/v2\/types\/page"}],"author":[{"embeddable":true,"href":"https:\/\/rhizomehorizon-paysage.fr\/index.php\/wp-json\/wp\/v2\/users\/1"}],"replies":[{"embeddable":true,"href":"https:\/\/rhizomehorizon-paysage.fr\/index.php\/wp-json\/wp\/v2\/comments?post=194"}],"version-history":[{"count":29,"href":"https:\/\/rhizomehorizon-paysage.fr\/index.php\/wp-json\/wp\/v2\/pages\/194\/revisions"}],"predecessor-version":[{"id":781,"href":"https:\/\/rhizomehorizon-paysage.fr\/index.php\/wp-json\/wp\/v2\/pages\/194\/revisions\/781"}],"wp:attachment":[{"href":"https:\/\/rhizomehorizon-paysage.fr\/index.php\/wp-json\/wp\/v2\/media?parent=194"}],"curies":[{"name":"wp","href":"https:\/\/api.w.org\/{rel}","templated":true}]}}