{"id":196,"date":"2017-06-26T14:40:24","date_gmt":"2017-06-26T12:40:24","guid":{"rendered":"http:\/\/rhizomehorizon-paysage.fr\/?page_id=196"},"modified":"2017-08-27T10:46:30","modified_gmt":"2017-08-27T08:46:30","slug":"ambition-engagement-valeur","status":"publish","type":"page","link":"https:\/\/rhizomehorizon-paysage.fr\/index.php\/ambition-engagement-valeur\/","title":{"rendered":"Ambition, Engagement et Valeur de l&rsquo;atelier Rhizome &#038; Horizon"},"content":{"rendered":"<p>[et_pb_section bb_built=\u00a0\u00bb1&Prime; admin_label=\u00a0\u00bbSection\u00a0\u00bb fullwidth=\u00a0\u00bbon\u00a0\u00bb specialty=\u00a0\u00bboff\u00a0\u00bb][et_pb_fullwidth_image admin_label=\u00a0\u00bbImage en pleine largeur\u00a0\u00bb _builder_version=\u00a0\u00bb3.0.51&Prime; src=\u00a0\u00bbhttps:\/\/rhizomehorizon-paysage.fr\/wp-content\/uploads\/2017\/06\/horizon-agricole-1.jpg\u00a0\u00bb show_in_lightbox=\u00a0\u00bboff\u00a0\u00bb url_new_window=\u00a0\u00bboff\u00a0\u00bb use_overlay=\u00a0\u00bboff\u00a0\u00bb border_style=\u00a0\u00bbsolid\u00a0\u00bb animation=\u00a0\u00bboff\u00a0\u00bb \/][\/et_pb_section][et_pb_section bb_built=\u00a0\u00bb1&Prime; admin_label=\u00a0\u00bbsection\u00a0\u00bb _builder_version=\u00a0\u00bb3.0.51&Prime; background_image=\u00a0\u00bbhttps:\/\/rhizomehorizon-paysage.fr\/wp-content\/uploads\/2017\/06\/Bouleau-fond-copie.jpg\u00a0\u00bb][et_pb_row admin_label=\u00a0\u00bbLigne\u00a0\u00bb background_position=\u00a0\u00bbtop_left\u00a0\u00bb background_repeat=\u00a0\u00bbrepeat\u00a0\u00bb background_size=\u00a0\u00bbinitial\u00a0\u00bb][et_pb_column type=\u00a0\u00bb4_4&Prime;][et_pb_text admin_label=\u00a0\u00bbTexte\u00a0\u00bb _builder_version=\u00a0\u00bb3.0.51&Prime; background_layout=\u00a0\u00bblight\u00a0\u00bb text_orientation=\u00a0\u00bbleft\u00a0\u00bb border_style=\u00a0\u00bbsolid\u00a0\u00bb]<\/p>\n<h1><span style=\"font-size: 14pt;\"><strong><span style=\"font-family: helvetica, arial, sans-serif;\"><span style=\"color: #000000;\">Plein de fra\u00eecheur et proposant des concepts innovants !<\/span><\/span><\/strong><\/span><\/h1>\n<h2><span style=\"font-size: 14pt; font-family: helvetica, arial, sans-serif;\">&#8211; Ambition\u00a0<\/span><\/h2>\n<p><span style=\"font-size: 12pt; font-family: helvetica, arial, sans-serif;\"><span style=\"color: #000000;\">L&rsquo;Atelier Rhizome &amp; Horizon\u00a0<span style=\"color: #62b32d;\">a pour ambition<\/span><\/span><span style=\"color: #000000;\"><span style=\"color: #62b32d;\"> de sensibiliser<\/span> le maximum de personnes \u00e0 <span style=\"color: #1c307e;\">la nature, au paysage, \u00e0 l\u2019environnement<\/span> dont le monde d\u00e9pend et d\u2019orienter les pratiques de chacun dans le sens de la <span style=\"color: #1c307e;\">transition \u00e9cologique.<\/span><\/span><\/span><\/p>\n<h2><span style=\"font-size: 14pt; font-family: helvetica, arial, sans-serif;\">&#8211; Engagement<\/span><\/h2>\n<p><span style=\"font-size: 12pt;\"><span style=\"font-family: helvetica, arial, sans-serif; color: #000000;\">Mais cela ne va pas sans r\u00e9pondre dans un premier temps, \u00e0 vos divers besoins : Rhizome &amp; Horizon <span style=\"color: #62b32d;\">s&rsquo;engage \u00e0 vous apporter<\/span> des<span style=\"color: #1c307e;\"> Conseils en am\u00e9nagements<\/span>, des<span style=\"color: #1c307e;\"> id\u00e9es neuves en mati\u00e8re de divertissement<\/span>, des <span style=\"color: #1c307e;\">moments d&rsquo;\u00e9change<\/span>, la possibilit\u00e9 de cr\u00e9er du <span style=\"color: #1c307e;\">lien social<\/span>, le tout dans une <span style=\"color: #1c307e;\">bonne humeur garantie<\/span>\u00a0! <\/span><\/span><\/p>\n<h2><span style=\"font-size: 14pt; font-family: helvetica, arial, sans-serif;\">&#8211; Valeur<\/span><\/h2>\n<p><span style=\"font-family: helvetica, arial, sans-serif; font-size: 12pt; color: #000000;\">Parce qu&rsquo;aujourd&rsquo;hui les gens ne se parlent plus, parce qu&rsquo;aujourd&rsquo;hui la plan\u00e8te a besoin qu&rsquo;on r\u00e9agisse, parce qu&rsquo;aujourd&rsquo;hui le retour \u00e0 la terre et au contact de Dame Nature se fait sentir&#8230; <\/span><\/p>\n<p><span style=\"font-family: helvetica, arial, sans-serif; font-size: 12pt; color: #000000;\"><span style=\"color: #1c307e;\">Il faut agir, partager ses id\u00e9es, s&rsquo;informer<\/span> ! <\/span><\/p>\n<p><span style=\"font-family: helvetica, arial, sans-serif; font-size: 12pt; color: #000000;\">Rhizome &amp; Horizon vous propose des solutions pour cela au travers de ses divers services et<span style=\"color: #62b32d;\"> souhaite vous accompagner dans vos initiatives personnelles, communales, collectives<\/span>.<\/span><\/p>\n<p>&nbsp;<\/p>\n<p>&nbsp;<\/p>\n<p>&nbsp;<\/p>\n<p>[\/et_pb_text][\/et_pb_column][\/et_pb_row][et_pb_row admin_label=\u00a0\u00bbrow\u00a0\u00bb background_position=\u00a0\u00bbtop_left\u00a0\u00bb background_repeat=\u00a0\u00bbrepeat\u00a0\u00bb background_size=\u00a0\u00bbinitial\u00a0\u00bb][et_pb_column type=\u00a0\u00bb1_4&Prime;][et_pb_text admin_label=\u00a0\u00bbTexte\u00a0\u00bb _builder_version=\u00a0\u00bb3.0.51&Prime; background_layout=\u00a0\u00bblight\u00a0\u00bb text_orientation=\u00a0\u00bbcenter\u00a0\u00bb border_style=\u00a0\u00bbsolid\u00a0\u00bb background_color=\u00a0\u00bb#1c307e\u00a0\u00bb]<\/p>\n<h1 style=\"text-align: center;\"><span style=\"font-size: 14pt; color: #62b32d; font-family: helvetica, arial, sans-serif;\">Sensibilisation<\/span><\/h1>\n<p>[\/et_pb_text][et_pb_text admin_label=\u00a0\u00bbTexte\u00a0\u00bb _builder_version=\u00a0\u00bb3.0.51&Prime; background_layout=\u00a0\u00bblight\u00a0\u00bb text_orientation=\u00a0\u00bbcenter\u00a0\u00bb border_style=\u00a0\u00bbsolid\u00a0\u00bb]<\/p>\n<p><span style=\"font-family: helvetica, arial, sans-serif; font-size: 14pt; color: #1c307e;\">TRANSITION \u00c9COLOGIQUE\u00a0<\/span><\/p>\n<p><span style=\"font-family: helvetica, arial, sans-serif; font-size: 12pt; color: #000000;\">\u00abLa transition \u00e9cologique est une \u00e9volution vers un nouveau mod\u00e8le \u00e9conomique\u00a0 et social, un mod\u00e8le de d\u00e9veloppement durable qui renouvelle nos fa\u00e7ons de consommer, de produire, de travailler, de vivre ensemble pour r\u00e9pondre aux grands enjeux environnementaux, ceux du changement climatique, de la raret\u00e9 des ressources, de la perte acc\u00e9l\u00e9r\u00e9e de la biodiversit\u00e9 et de la multiplication des risques sanitaires environnementaux.\u00bb<\/span><\/p>\n<p><span style=\"font-family: helvetica, arial, sans-serif; font-size: 8pt; color: #000000;\">MINIST\u00c8RE DE L\u2019ENVIRONNEMENT, DE L\u2019\u00c9NERGIE ET DE LA MER<\/span><\/p>\n<p>[\/et_pb_text][\/et_pb_column][et_pb_column type=\u00a0\u00bb1_4&Prime;][et_pb_text admin_label=\u00a0\u00bbTexte\u00a0\u00bb _builder_version=\u00a0\u00bb3.0.51&Prime; background_layout=\u00a0\u00bblight\u00a0\u00bb text_orientation=\u00a0\u00bbcenter\u00a0\u00bb border_style=\u00a0\u00bbsolid\u00a0\u00bb background_color=\u00a0\u00bb#1c307e\u00a0\u00bb]<\/p>\n<h1 style=\"text-align: center;\"><span style=\"font-family: helvetica, arial, sans-serif; font-size: 14pt; color: #62b32d;\">Conseil et Divertissement<\/span><\/h1>\n<p>[\/et_pb_text][et_pb_text admin_label=\u00a0\u00bbTexte\u00a0\u00bb _builder_version=\u00a0\u00bb3.0.51&Prime; background_layout=\u00a0\u00bblight\u00a0\u00bb text_orientation=\u00a0\u00bbcenter\u00a0\u00bb border_style=\u00a0\u00bbsolid\u00a0\u00bb]<\/p>\n<p><span style=\"font-family: helvetica, arial, sans-serif; font-size: 14pt; color: #1c307e;\">PAYSAGISTE ?<\/span><\/p>\n<p><span style=\"font-family: helvetica, arial, sans-serif; font-size: 12pt; color: #000000;\">\u00ab\u00a0Le paysagiste concepteur est le ma\u00eetre d&rsquo;\u0153uvre des projets et des \u00e9tudes d&rsquo;am\u00e9nagement de l&rsquo;espace ext\u00e9rieur, depuis le jardin jusqu&rsquo;au territoire.\u00a0<\/span><span style=\"font-family: helvetica, arial, sans-serif; font-size: 12pt; color: #000000;\">Compl\u00e9mentaire et partenaire des autres m\u00e9tiers de la conception et de la ma\u00eetrise d&rsquo;\u0153uvre &#8211; \u00e9cologue, ing\u00e9nieur, architecte, urbaniste &#8211; partageant des savoir-faire avec l&rsquo;un ou l&rsquo;autre, le paysagiste concepteur ne se confond pour autant avec aucun de ces m\u00e9tiers.\u00a0<\/span><span style=\"font-family: helvetica, arial, sans-serif; font-size: 12pt; color: #000000;\">Sa sp\u00e9cificit\u00e9 vis-\u00e0-vis de l&rsquo;environnement se situe dans son aptitude \u00e0 int\u00e9grer la dimension subjective, culturelle et sociale du paysage, et \u00e0 mettre en \u0153uvre sa propre cr\u00e9ativit\u00e9. Le paysagiste concepteur doit accro\u00eetre l&rsquo;\u00e9quilibre et la diversit\u00e9 de l&rsquo;environnement, mais, pour ce qui le concerne, \u00e0 travers une d\u00e9marche de cr\u00e9ation. C&rsquo;est ainsi qu&rsquo;il contribue au d\u00e9veloppement durable.\u00a0\u00bb<\/span><\/p>\n<p><span style=\"color: #000000; font-size: 10pt; font-family: helvetica, arial, sans-serif;\">Extrait du site de la F\u00e9d\u00e9ration Fran\u00e7aise du Paysage : http:\/\/www.f-f-p.org\/fr<\/span><\/p>\n<p>[\/et_pb_text][\/et_pb_column][et_pb_column type=\u00a0\u00bb1_4&Prime;][et_pb_text admin_label=\u00a0\u00bbTexte\u00a0\u00bb _builder_version=\u00a0\u00bb3.0.51&Prime; background_layout=\u00a0\u00bblight\u00a0\u00bb text_orientation=\u00a0\u00bbcenter\u00a0\u00bb border_style=\u00a0\u00bbsolid\u00a0\u00bb background_color=\u00a0\u00bb#1c307e\u00a0\u00bb]<\/p>\n<h1 style=\"text-align: center;\"><span style=\"font-size: 14pt; font-family: helvetica, arial, sans-serif; color: #62b32d;\">Initiative collective<\/span><\/h1>\n<p>[\/et_pb_text][et_pb_text admin_label=\u00a0\u00bbTexte\u00a0\u00bb _builder_version=\u00a0\u00bb3.0.51&Prime; background_layout=\u00a0\u00bblight\u00a0\u00bb text_orientation=\u00a0\u00bbcenter\u00a0\u00bb border_style=\u00a0\u00bbsolid\u00a0\u00bb]<\/p>\n<p><span style=\"font-family: helvetica, arial, sans-serif; font-size: 14pt; color: #1c307e;\">DEMAIN<\/span><\/p>\n<p><span style=\"font-family: helvetica, arial, sans-serif; font-size: 12pt; color: #000000;\">\u00a0\u00bb La crise profonde que connaissent nos soci\u00e9t\u00e9s est patente. D\u00e9r\u00e8glement \u00e9cologique, exclusion sociale, exploitation sans limites des ressources naturelles, recherche acharn\u00e9e et d\u00e9shumanisante du profit, creusement des in\u00e9galit\u00e9s sont au c\u0153ur des probl\u00e9matiques contemporaines. Or, partout dans le monde, des hommes et des femmes s&rsquo;organisent autour d&rsquo;initiatives originales et innovantes, en vue d&rsquo;apporter des perspectives nouvelles pour l&rsquo;avenir. Des solutions existent, des propositions in\u00e9dites voient le jour aux quatre coins de la plan\u00e8te, souvent \u00e0 une petite \u00e9chelle, mais toujours dans le but d&rsquo;initier un v\u00e9ritable mouvement de transformation des soci\u00e9t\u00e9s.\u00a0\u00bb<\/span><\/p>\n<p><span style=\"font-family: helvetica, arial, sans-serif; font-size: 10pt; color: #000000;\">Extrait du livre <em>DEMAIN<\/em> de Cyril DION, Domaine du possible, actes Sud<\/span><\/p>\n<p>[\/et_pb_text][\/et_pb_column][et_pb_column type=\u00a0\u00bb1_4&Prime;][et_pb_text admin_label=\u00a0\u00bbTexte\u00a0\u00bb _builder_version=\u00a0\u00bb3.0.51&Prime; background_layout=\u00a0\u00bblight\u00a0\u00bb text_orientation=\u00a0\u00bbcenter\u00a0\u00bb border_style=\u00a0\u00bbsolid\u00a0\u00bb background_color=\u00a0\u00bb#1c307e\u00a0\u00bb]<\/p>\n<h1 style=\"text-align: center;\"><span style=\"font-family: helvetica, arial, sans-serif; font-size: 14pt; color: #62b32d;\">Bonne humeur<\/span><\/h1>\n<p>[\/et_pb_text][et_pb_text admin_label=\u00a0\u00bbTexte\u00a0\u00bb _builder_version=\u00a0\u00bb3.0.51&Prime; background_layout=\u00a0\u00bblight\u00a0\u00bb text_orientation=\u00a0\u00bbcenter\u00a0\u00bb border_style=\u00a0\u00bbsolid\u00a0\u00bb]<\/p>\n<p><span style=\"font-size: 14pt; font-family: helvetica, arial, sans-serif; color: #1c307e;\">FORCE DE LA NATURE <\/span><\/p>\n<p><span style=\"font-size: 12pt; font-family: helvetica, arial, sans-serif; color: #000000;\">\u00ab\u00a0Arbres, fleurs, soleil,\u00a0nous entourent au quotidien mais nous n&rsquo;imaginons pas \u00e0 quel point ils jouent un r\u00f4le dans notre vie. Humeur, comportement, \u00e9motions, d\u00e9pendent r\u00e9ellement de la pr\u00e9sence de la nature. Des \u00e9tudes pr\u00e9cisent cette relation et ses conditions (ce qu&rsquo;on appelle la psychologie de l&rsquo;environnement). Car oui, bien-\u00eatre,\u00a0sant\u00e9 et nature\u00a0sont li\u00e9s.\u00a0\u00bb<\/span><\/p>\n<p><span style=\"font-size: 10pt; font-family: helvetica, arial, sans-serif; color: #000000;\">http:\/\/www.futura-sciences.com<\/span><\/p>\n<p>[\/et_pb_text][\/et_pb_column][\/et_pb_row][et_pb_row admin_label=\u00a0\u00bbLigne\u00a0\u00bb background_position=\u00a0\u00bbtop_left\u00a0\u00bb background_repeat=\u00a0\u00bbrepeat\u00a0\u00bb background_size=\u00a0\u00bbinitial\u00a0\u00bb][et_pb_column type=\u00a0\u00bb1_4&Prime;][\/et_pb_column][et_pb_column type=\u00a0\u00bb1_4&Prime;][\/et_pb_column][et_pb_column type=\u00a0\u00bb1_4&Prime;][\/et_pb_column][et_pb_column type=\u00a0\u00bb1_4&Prime;][\/et_pb_column][\/et_pb_row][\/et_pb_section]<\/p>\n","protected":false},"excerpt":{"rendered":"<p>Plein de fra\u00eecheur et proposant des concepts innovants ! &#8211; Ambition\u00a0 L&rsquo;Atelier Rhizome &amp; Horizon\u00a0a pour ambition de sensibiliser le maximum de personnes \u00e0 la nature, au paysage, \u00e0 l\u2019environnement dont le monde d\u00e9pend et d\u2019orienter les pratiques de chacun dans le sens de la transition \u00e9cologique. &#8211; Engagement Mais cela ne va pas sans [&hellip;]<\/p>\n","protected":false},"author":1,"featured_media":0,"parent":0,"menu_order":0,"comment_status":"closed","ping_status":"closed","template":"","meta":{"_et_pb_use_builder":"on","_et_pb_old_content":"","_et_gb_content_width":"","footnotes":""},"class_list":["post-196","page","type-page","status-publish","hentry"],"yoast_head":"<!-- This site is optimized with the Yoast SEO plugin v24.1 - https:\/\/yoast.com\/wordpress\/plugins\/seo\/ -->\n<title>Ambition, Engagement et Valeur de l&#039;atelier Rhizome &amp; Horizon<\/title>\n<meta name=\"description\" content=\"Valeurs environnementale et paysag\u00e8re, Rhizome &amp; Horizon a une ambition de sensibilisation et de r\u00e9ponse \u00e0 vos besoins en am\u00e9nagement et en divertissement.\" \/>\n<meta name=\"robots\" content=\"index, follow, max-snippet:-1, max-image-preview:large, max-video-preview:-1\" \/>\n<link rel=\"canonical\" href=\"https:\/\/rhizomehorizon-paysage.fr\/index.php\/ambition-engagement-valeur\/\" \/>\n<meta property=\"og:locale\" content=\"fr_FR\" \/>\n<meta property=\"og:type\" content=\"article\" \/>\n<meta property=\"og:title\" content=\"Ambition, Engagement et Valeur de l&#039;atelier Rhizome &amp; Horizon\" \/>\n<meta property=\"og:description\" content=\"Valeurs environnementale et paysag\u00e8re, Rhizome &amp; Horizon a une ambition de sensibilisation et de r\u00e9ponse \u00e0 vos besoins en am\u00e9nagement et en divertissement.\" \/>\n<meta property=\"og:url\" content=\"https:\/\/rhizomehorizon-paysage.fr\/index.php\/ambition-engagement-valeur\/\" \/>\n<meta property=\"og:site_name\" content=\"Rhizome &amp; Horizon\" \/>\n<meta property=\"article:modified_time\" content=\"2017-08-27T08:46:30+00:00\" \/>\n<meta name=\"twitter:card\" content=\"summary_large_image\" \/>\n<meta name=\"twitter:label1\" content=\"Dur\u00e9e de lecture estim\u00e9e\" \/>\n\t<meta name=\"twitter:data1\" content=\"5 minutes\" \/>\n<script type=\"application\/ld+json\" class=\"yoast-schema-graph\">{\"@context\":\"https:\/\/schema.org\",\"@graph\":[{\"@type\":\"WebPage\",\"@id\":\"https:\/\/rhizomehorizon-paysage.fr\/index.php\/ambition-engagement-valeur\/\",\"url\":\"https:\/\/rhizomehorizon-paysage.fr\/index.php\/ambition-engagement-valeur\/\",\"name\":\"Ambition, Engagement et Valeur de l'atelier Rhizome & Horizon\",\"isPartOf\":{\"@id\":\"https:\/\/rhizomehorizon-paysage.fr\/#website\"},\"datePublished\":\"2017-06-26T12:40:24+00:00\",\"dateModified\":\"2017-08-27T08:46:30+00:00\",\"description\":\"Valeurs environnementale et paysag\u00e8re, Rhizome & Horizon a une ambition de sensibilisation et de r\u00e9ponse \u00e0 vos besoins en am\u00e9nagement et en divertissement.\",\"breadcrumb\":{\"@id\":\"https:\/\/rhizomehorizon-paysage.fr\/index.php\/ambition-engagement-valeur\/#breadcrumb\"},\"inLanguage\":\"fr-FR\",\"potentialAction\":[{\"@type\":\"ReadAction\",\"target\":[\"https:\/\/rhizomehorizon-paysage.fr\/index.php\/ambition-engagement-valeur\/\"]}]},{\"@type\":\"BreadcrumbList\",\"@id\":\"https:\/\/rhizomehorizon-paysage.fr\/index.php\/ambition-engagement-valeur\/#breadcrumb\",\"itemListElement\":[{\"@type\":\"ListItem\",\"position\":1,\"name\":\"Accueil\",\"item\":\"https:\/\/rhizomehorizon-paysage.fr\/\"},{\"@type\":\"ListItem\",\"position\":2,\"name\":\"Ambition, Engagement et Valeur de l&rsquo;atelier Rhizome &#038; Horizon\"}]},{\"@type\":\"WebSite\",\"@id\":\"https:\/\/rhizomehorizon-paysage.fr\/#website\",\"url\":\"https:\/\/rhizomehorizon-paysage.fr\/\",\"name\":\"Rhizome &amp; Horizon\",\"description\":\"Paysagiste conceptrice - Animatrice nature Valenciennes\",\"potentialAction\":[{\"@type\":\"SearchAction\",\"target\":{\"@type\":\"EntryPoint\",\"urlTemplate\":\"https:\/\/rhizomehorizon-paysage.fr\/?s={search_term_string}\"},\"query-input\":{\"@type\":\"PropertyValueSpecification\",\"valueRequired\":true,\"valueName\":\"search_term_string\"}}],\"inLanguage\":\"fr-FR\"}]}<\/script>\n<!-- \/ Yoast SEO plugin. -->","yoast_head_json":{"title":"Ambition, Engagement et Valeur de l'atelier Rhizome & Horizon","description":"Valeurs environnementale et paysag\u00e8re, Rhizome & Horizon a une ambition de sensibilisation et de r\u00e9ponse \u00e0 vos besoins en am\u00e9nagement et en divertissement.","robots":{"index":"index","follow":"follow","max-snippet":"max-snippet:-1","max-image-preview":"max-image-preview:large","max-video-preview":"max-video-preview:-1"},"canonical":"https:\/\/rhizomehorizon-paysage.fr\/index.php\/ambition-engagement-valeur\/","og_locale":"fr_FR","og_type":"article","og_title":"Ambition, Engagement et Valeur de l'atelier Rhizome & Horizon","og_description":"Valeurs environnementale et paysag\u00e8re, Rhizome & Horizon a une ambition de sensibilisation et de r\u00e9ponse \u00e0 vos besoins en am\u00e9nagement et en divertissement.","og_url":"https:\/\/rhizomehorizon-paysage.fr\/index.php\/ambition-engagement-valeur\/","og_site_name":"Rhizome &amp; Horizon","article_modified_time":"2017-08-27T08:46:30+00:00","twitter_card":"summary_large_image","twitter_misc":{"Dur\u00e9e de lecture estim\u00e9e":"5 minutes"},"schema":{"@context":"https:\/\/schema.org","@graph":[{"@type":"WebPage","@id":"https:\/\/rhizomehorizon-paysage.fr\/index.php\/ambition-engagement-valeur\/","url":"https:\/\/rhizomehorizon-paysage.fr\/index.php\/ambition-engagement-valeur\/","name":"Ambition, Engagement et Valeur de l'atelier Rhizome & Horizon","isPartOf":{"@id":"https:\/\/rhizomehorizon-paysage.fr\/#website"},"datePublished":"2017-06-26T12:40:24+00:00","dateModified":"2017-08-27T08:46:30+00:00","description":"Valeurs environnementale et paysag\u00e8re, Rhizome & Horizon a une ambition de sensibilisation et de r\u00e9ponse \u00e0 vos besoins en am\u00e9nagement et en divertissement.","breadcrumb":{"@id":"https:\/\/rhizomehorizon-paysage.fr\/index.php\/ambition-engagement-valeur\/#breadcrumb"},"inLanguage":"fr-FR","potentialAction":[{"@type":"ReadAction","target":["https:\/\/rhizomehorizon-paysage.fr\/index.php\/ambition-engagement-valeur\/"]}]},{"@type":"BreadcrumbList","@id":"https:\/\/rhizomehorizon-paysage.fr\/index.php\/ambition-engagement-valeur\/#breadcrumb","itemListElement":[{"@type":"ListItem","position":1,"name":"Accueil","item":"https:\/\/rhizomehorizon-paysage.fr\/"},{"@type":"ListItem","position":2,"name":"Ambition, Engagement et Valeur de l&rsquo;atelier Rhizome &#038; Horizon"}]},{"@type":"WebSite","@id":"https:\/\/rhizomehorizon-paysage.fr\/#website","url":"https:\/\/rhizomehorizon-paysage.fr\/","name":"Rhizome &amp; Horizon","description":"Paysagiste conceptrice - Animatrice nature Valenciennes","potentialAction":[{"@type":"SearchAction","target":{"@type":"EntryPoint","urlTemplate":"https:\/\/rhizomehorizon-paysage.fr\/?s={search_term_string}"},"query-input":{"@type":"PropertyValueSpecification","valueRequired":true,"valueName":"search_term_string"}}],"inLanguage":"fr-FR"}]}},"_links":{"self":[{"href":"https:\/\/rhizomehorizon-paysage.fr\/index.php\/wp-json\/wp\/v2\/pages\/196","targetHints":{"allow":["GET"]}}],"collection":[{"href":"https:\/\/rhizomehorizon-paysage.fr\/index.php\/wp-json\/wp\/v2\/pages"}],"about":[{"href":"https:\/\/rhizomehorizon-paysage.fr\/index.php\/wp-json\/wp\/v2\/types\/page"}],"author":[{"embeddable":true,"href":"https:\/\/rhizomehorizon-paysage.fr\/index.php\/wp-json\/wp\/v2\/users\/1"}],"replies":[{"embeddable":true,"href":"https:\/\/rhizomehorizon-paysage.fr\/index.php\/wp-json\/wp\/v2\/comments?post=196"}],"version-history":[{"count":35,"href":"https:\/\/rhizomehorizon-paysage.fr\/index.php\/wp-json\/wp\/v2\/pages\/196\/revisions"}],"predecessor-version":[{"id":780,"href":"https:\/\/rhizomehorizon-paysage.fr\/index.php\/wp-json\/wp\/v2\/pages\/196\/revisions\/780"}],"wp:attachment":[{"href":"https:\/\/rhizomehorizon-paysage.fr\/index.php\/wp-json\/wp\/v2\/media?parent=196"}],"curies":[{"name":"wp","href":"https:\/\/api.w.org\/{rel}","templated":true}]}}