{"id":200,"date":"2017-06-26T14:40:50","date_gmt":"2017-06-26T12:40:50","guid":{"rendered":"http:\/\/rhizomehorizon-paysage.fr\/?page_id=200"},"modified":"2017-08-25T15:43:51","modified_gmt":"2017-08-25T13:43:51","slug":"valenciennes","status":"publish","type":"page","link":"https:\/\/rhizomehorizon-paysage.fr\/index.php\/valenciennes\/","title":{"rendered":"Localisation"},"content":{"rendered":"<p>[et_pb_section bb_built=\u00a0\u00bb1&Prime; admin_label=\u00a0\u00bbSection\u00a0\u00bb fullwidth=\u00a0\u00bbon\u00a0\u00bb specialty=\u00a0\u00bboff\u00a0\u00bb][et_pb_fullwidth_image admin_label=\u00a0\u00bbImage en pleine largeur\u00a0\u00bb _builder_version=\u00a0\u00bb3.0.51&Prime; src=\u00a0\u00bbhttps:\/\/rhizomehorizon-paysage.fr\/wp-content\/uploads\/2017\/06\/Localisation-1.jpg\u00a0\u00bb show_in_lightbox=\u00a0\u00bboff\u00a0\u00bb url_new_window=\u00a0\u00bboff\u00a0\u00bb use_overlay=\u00a0\u00bboff\u00a0\u00bb border_style=\u00a0\u00bbsolid\u00a0\u00bb animation=\u00a0\u00bboff\u00a0\u00bb \/][\/et_pb_section][et_pb_section bb_built=\u00a0\u00bb1&Prime; admin_label=\u00a0\u00bbSection\u00a0\u00bb fullwidth=\u00a0\u00bboff\u00a0\u00bb specialty=\u00a0\u00bboff\u00a0\u00bb _builder_version=\u00a0\u00bb3.0.51&Prime; background_image=\u00a0\u00bbhttps:\/\/rhizomehorizon-paysage.fr\/wp-content\/uploads\/2017\/06\/Bouleau-fond-copie.jpg\u00a0\u00bb][et_pb_row admin_label=\u00a0\u00bbLigne\u00a0\u00bb background_position=\u00a0\u00bbtop_left\u00a0\u00bb background_repeat=\u00a0\u00bbrepeat\u00a0\u00bb background_size=\u00a0\u00bbinitial\u00a0\u00bb][et_pb_column type=\u00a0\u00bb4_4&Prime;][et_pb_text admin_label=\u00a0\u00bbTexte\u00a0\u00bb _builder_version=\u00a0\u00bb3.0.51&Prime; background_layout=\u00a0\u00bblight\u00a0\u00bb text_orientation=\u00a0\u00bbleft\u00a0\u00bb border_style=\u00a0\u00bbsolid\u00a0\u00bb]<\/p>\n<h1><span style=\"font-size: 12pt;\"><span style=\"font-family: helvetica,arial,sans-serif;\"><span style=\"margin: 0px;\"><span style=\"color: #000000;\">L&rsquo;Atelier Rhizome\u00a0&amp; Horizon est <\/span><\/span><\/span><span style=\"color: #000000;\">bas\u00e9 \u00e0 Valenciennes mais <\/span><span style=\"font-family: helvetica,arial,sans-serif;\"><span style=\"margin: 0px;\"><span style=\"color: #000000;\">vous propose une\u00a0<span style=\"color: #62b32d;\">intervention itin\u00e9rante. <\/span><\/span><\/span><\/span><\/span><\/h1>\n<p><span style=\"font-size: 12pt;\"><span style=\"font-family: helvetica,arial,sans-serif;\"><span style=\"margin: 0px;\"><span style=\"color: #000000;\"><span style=\"color: #62b32d;\"><span style=\"color: #000000;\">Je m<\/span><\/span><\/span><\/span><span style=\"margin: 0px;\"><span style=\"color: #000000;\">e d\u00e9place jusqu&rsquo;\u00e0 vous principalement de la m\u00e9tropole Lilloise au sud de l&rsquo;Avesnois jusqu&rsquo;au Cambr\u00e9sis. Cependant n&rsquo;h\u00e9sitez pas \u00e0 m&rsquo;appeler, le cas \u00e9ch\u00e9ant, je peux voyager au-del\u00e0 de cette premi\u00e8re zone de chalandise sur l&rsquo;ensemble du territoire des Hauts de France. Le d\u00e9placement est gratuit jusqu&rsquo;\u00e0 40 km depuis Valenciennes. Au del\u00e0, le kilom\u00e8tre suppl\u00e9mentaire sera factur\u00e9 36 ct d&rsquo;euros.<\/span><\/span><\/span><\/span> <span style=\"font-size: 12pt;\"><span style=\"margin: 0px; font-family: Arial, sans-serif;\"><span style=\"color: #000000;\">Entre le Parc Naturel R\u00e9gional Scarpe Escaut et celui de l&rsquo;Avesnois, le territoire de premi\u00e8re intervention de l&rsquo;entreprise est propice \u00e0 la d\u00e9couverte d&rsquo;une richesse paysag\u00e8re certaine. Entre patrimoine minier, horizon agricole, vallons bocagers, plaine humide, espace bois\u00e9&#8230; le support au divertissement, \u00e0 l&rsquo;apprentissage naturel et paysager est \u00e0 port\u00e9e de mains.<\/span><\/span><\/span><\/p>\n<p>[\/et_pb_text][\/et_pb_column][\/et_pb_row][\/et_pb_section]<\/p>\n","protected":false},"excerpt":{"rendered":"<p>L&rsquo;Atelier Rhizome\u00a0&amp; Horizon est bas\u00e9 \u00e0 Valenciennes mais vous propose une\u00a0intervention itin\u00e9rante. Je me d\u00e9place jusqu&rsquo;\u00e0 vous principalement de la m\u00e9tropole Lilloise au sud de l&rsquo;Avesnois jusqu&rsquo;au Cambr\u00e9sis. Cependant n&rsquo;h\u00e9sitez pas \u00e0 m&rsquo;appeler, le cas \u00e9ch\u00e9ant, je peux voyager au-del\u00e0 de cette premi\u00e8re zone de chalandise sur l&rsquo;ensemble du territoire des Hauts de France. Le [&hellip;]<\/p>\n","protected":false},"author":1,"featured_media":0,"parent":0,"menu_order":0,"comment_status":"closed","ping_status":"closed","template":"","meta":{"_et_pb_use_builder":"on","_et_pb_old_content":"","_et_gb_content_width":"","footnotes":""},"class_list":["post-200","page","type-page","status-publish","hentry"],"yoast_head":"<!-- This site is optimized with the Yoast SEO plugin v24.1 - https:\/\/yoast.com\/wordpress\/plugins\/seo\/ -->\n<title>Bas\u00e9 \u00e0 Valenciennes, intervient dans l&#039;ensemble des Hauts de France<\/title>\n<meta name=\"description\" content=\"Intervention itin\u00e9rante, l&#039;atelier Rhizome &amp; Horizon vient jusque chez vous sans frais kilom\u00e9trique jusqu&#039;\u00e0 40km depuis Valenciennes.\" \/>\n<meta name=\"robots\" content=\"index, follow, max-snippet:-1, max-image-preview:large, max-video-preview:-1\" \/>\n<link rel=\"canonical\" href=\"https:\/\/rhizomehorizon-paysage.fr\/index.php\/valenciennes\/\" \/>\n<meta property=\"og:locale\" content=\"fr_FR\" \/>\n<meta property=\"og:type\" content=\"article\" \/>\n<meta property=\"og:title\" content=\"Bas\u00e9 \u00e0 Valenciennes, intervient dans l&#039;ensemble des Hauts de France\" \/>\n<meta property=\"og:description\" content=\"Intervention itin\u00e9rante, l&#039;atelier Rhizome &amp; Horizon vient jusque chez vous sans frais kilom\u00e9trique jusqu&#039;\u00e0 40km depuis Valenciennes.\" \/>\n<meta property=\"og:url\" content=\"https:\/\/rhizomehorizon-paysage.fr\/index.php\/valenciennes\/\" \/>\n<meta property=\"og:site_name\" content=\"Rhizome &amp; Horizon\" \/>\n<meta property=\"article:modified_time\" content=\"2017-08-25T13:43:51+00:00\" \/>\n<meta name=\"twitter:card\" content=\"summary_large_image\" \/>\n<meta name=\"twitter:label1\" content=\"Dur\u00e9e de lecture estim\u00e9e\" \/>\n\t<meta name=\"twitter:data1\" content=\"1 minute\" \/>\n<script type=\"application\/ld+json\" class=\"yoast-schema-graph\">{\"@context\":\"https:\/\/schema.org\",\"@graph\":[{\"@type\":\"WebPage\",\"@id\":\"https:\/\/rhizomehorizon-paysage.fr\/index.php\/valenciennes\/\",\"url\":\"https:\/\/rhizomehorizon-paysage.fr\/index.php\/valenciennes\/\",\"name\":\"Bas\u00e9 \u00e0 Valenciennes, intervient dans l'ensemble des Hauts de France\",\"isPartOf\":{\"@id\":\"https:\/\/rhizomehorizon-paysage.fr\/#website\"},\"datePublished\":\"2017-06-26T12:40:50+00:00\",\"dateModified\":\"2017-08-25T13:43:51+00:00\",\"description\":\"Intervention itin\u00e9rante, l'atelier Rhizome & Horizon vient jusque chez vous sans frais kilom\u00e9trique jusqu'\u00e0 40km depuis Valenciennes.\",\"breadcrumb\":{\"@id\":\"https:\/\/rhizomehorizon-paysage.fr\/index.php\/valenciennes\/#breadcrumb\"},\"inLanguage\":\"fr-FR\",\"potentialAction\":[{\"@type\":\"ReadAction\",\"target\":[\"https:\/\/rhizomehorizon-paysage.fr\/index.php\/valenciennes\/\"]}]},{\"@type\":\"BreadcrumbList\",\"@id\":\"https:\/\/rhizomehorizon-paysage.fr\/index.php\/valenciennes\/#breadcrumb\",\"itemListElement\":[{\"@type\":\"ListItem\",\"position\":1,\"name\":\"Accueil\",\"item\":\"https:\/\/rhizomehorizon-paysage.fr\/\"},{\"@type\":\"ListItem\",\"position\":2,\"name\":\"Localisation\"}]},{\"@type\":\"WebSite\",\"@id\":\"https:\/\/rhizomehorizon-paysage.fr\/#website\",\"url\":\"https:\/\/rhizomehorizon-paysage.fr\/\",\"name\":\"Rhizome &amp; Horizon\",\"description\":\"Paysagiste conceptrice - Animatrice nature Valenciennes\",\"potentialAction\":[{\"@type\":\"SearchAction\",\"target\":{\"@type\":\"EntryPoint\",\"urlTemplate\":\"https:\/\/rhizomehorizon-paysage.fr\/?s={search_term_string}\"},\"query-input\":{\"@type\":\"PropertyValueSpecification\",\"valueRequired\":true,\"valueName\":\"search_term_string\"}}],\"inLanguage\":\"fr-FR\"}]}<\/script>\n<!-- \/ Yoast SEO plugin. -->","yoast_head_json":{"title":"Bas\u00e9 \u00e0 Valenciennes, intervient dans l'ensemble des Hauts de France","description":"Intervention itin\u00e9rante, l'atelier Rhizome & Horizon vient jusque chez vous sans frais kilom\u00e9trique jusqu'\u00e0 40km depuis Valenciennes.","robots":{"index":"index","follow":"follow","max-snippet":"max-snippet:-1","max-image-preview":"max-image-preview:large","max-video-preview":"max-video-preview:-1"},"canonical":"https:\/\/rhizomehorizon-paysage.fr\/index.php\/valenciennes\/","og_locale":"fr_FR","og_type":"article","og_title":"Bas\u00e9 \u00e0 Valenciennes, intervient dans l'ensemble des Hauts de France","og_description":"Intervention itin\u00e9rante, l'atelier Rhizome & Horizon vient jusque chez vous sans frais kilom\u00e9trique jusqu'\u00e0 40km depuis Valenciennes.","og_url":"https:\/\/rhizomehorizon-paysage.fr\/index.php\/valenciennes\/","og_site_name":"Rhizome &amp; Horizon","article_modified_time":"2017-08-25T13:43:51+00:00","twitter_card":"summary_large_image","twitter_misc":{"Dur\u00e9e de lecture estim\u00e9e":"1 minute"},"schema":{"@context":"https:\/\/schema.org","@graph":[{"@type":"WebPage","@id":"https:\/\/rhizomehorizon-paysage.fr\/index.php\/valenciennes\/","url":"https:\/\/rhizomehorizon-paysage.fr\/index.php\/valenciennes\/","name":"Bas\u00e9 \u00e0 Valenciennes, intervient dans l'ensemble des Hauts de France","isPartOf":{"@id":"https:\/\/rhizomehorizon-paysage.fr\/#website"},"datePublished":"2017-06-26T12:40:50+00:00","dateModified":"2017-08-25T13:43:51+00:00","description":"Intervention itin\u00e9rante, l'atelier Rhizome & Horizon vient jusque chez vous sans frais kilom\u00e9trique jusqu'\u00e0 40km depuis Valenciennes.","breadcrumb":{"@id":"https:\/\/rhizomehorizon-paysage.fr\/index.php\/valenciennes\/#breadcrumb"},"inLanguage":"fr-FR","potentialAction":[{"@type":"ReadAction","target":["https:\/\/rhizomehorizon-paysage.fr\/index.php\/valenciennes\/"]}]},{"@type":"BreadcrumbList","@id":"https:\/\/rhizomehorizon-paysage.fr\/index.php\/valenciennes\/#breadcrumb","itemListElement":[{"@type":"ListItem","position":1,"name":"Accueil","item":"https:\/\/rhizomehorizon-paysage.fr\/"},{"@type":"ListItem","position":2,"name":"Localisation"}]},{"@type":"WebSite","@id":"https:\/\/rhizomehorizon-paysage.fr\/#website","url":"https:\/\/rhizomehorizon-paysage.fr\/","name":"Rhizome &amp; Horizon","description":"Paysagiste conceptrice - Animatrice nature Valenciennes","potentialAction":[{"@type":"SearchAction","target":{"@type":"EntryPoint","urlTemplate":"https:\/\/rhizomehorizon-paysage.fr\/?s={search_term_string}"},"query-input":{"@type":"PropertyValueSpecification","valueRequired":true,"valueName":"search_term_string"}}],"inLanguage":"fr-FR"}]}},"_links":{"self":[{"href":"https:\/\/rhizomehorizon-paysage.fr\/index.php\/wp-json\/wp\/v2\/pages\/200","targetHints":{"allow":["GET"]}}],"collection":[{"href":"https:\/\/rhizomehorizon-paysage.fr\/index.php\/wp-json\/wp\/v2\/pages"}],"about":[{"href":"https:\/\/rhizomehorizon-paysage.fr\/index.php\/wp-json\/wp\/v2\/types\/page"}],"author":[{"embeddable":true,"href":"https:\/\/rhizomehorizon-paysage.fr\/index.php\/wp-json\/wp\/v2\/users\/1"}],"replies":[{"embeddable":true,"href":"https:\/\/rhizomehorizon-paysage.fr\/index.php\/wp-json\/wp\/v2\/comments?post=200"}],"version-history":[{"count":17,"href":"https:\/\/rhizomehorizon-paysage.fr\/index.php\/wp-json\/wp\/v2\/pages\/200\/revisions"}],"predecessor-version":[{"id":768,"href":"https:\/\/rhizomehorizon-paysage.fr\/index.php\/wp-json\/wp\/v2\/pages\/200\/revisions\/768"}],"wp:attachment":[{"href":"https:\/\/rhizomehorizon-paysage.fr\/index.php\/wp-json\/wp\/v2\/media?parent=200"}],"curies":[{"name":"wp","href":"https:\/\/api.w.org\/{rel}","templated":true}]}}