{"id":38,"date":"2017-06-19T15:35:46","date_gmt":"2017-06-19T13:35:46","guid":{"rendered":"http:\/\/rhizomehorizon-paysage.fr\/?page_id=38"},"modified":"2023-11-10T10:03:40","modified_gmt":"2023-11-10T09:03:40","slug":"accueil","status":"publish","type":"page","link":"https:\/\/rhizomehorizon-paysage.fr\/","title":{"rendered":"Accueil"},"content":{"rendered":"\n\n[et_pb_section fb_built=\u00a0\u00bb1&Prime; fullwidth=\u00a0\u00bbon\u00a0\u00bb _builder_version=\u00a0\u00bb4.17.6&Prime; _module_preset=\u00a0\u00bbdefault\u00a0\u00bb global_colors_info=\u00a0\u00bb{}\u00a0\u00bb][et_pb_fullwidth_header title=\u00a0\u00bbCONCEPTION PAYSAGERE &#8211; Maitrise d&rsquo;ouvrage publique\u00a0\u00bb button_one_text=\u00a0\u00bbPar ici pour plus de d\u00e9tails sur mes prestations !\u00a0\u00bb button_one_url=\u00a0\u00bbhttps:\/\/rhizomehorizon-paysage.fr\/index.php\/espace-conception-territoire\/\u00a0\u00bb _builder_version=\u00a0\u00bb4.17.6&Prime; _module_preset=\u00a0\u00bbdefault\u00a0\u00bb global_colors_info=\u00a0\u00bb{}\u00a0\u00bb]<p>Vous \u00eates repr\u00e9sentant d&rsquo;une collectivit\u00e9 ou un architecte \/ urbaniste \/ bureau d&rsquo;\u00e9tudes sp\u00e9cialis\u00e9 \u00e0 la recherche d&rsquo;un paysagiste concepteur : vous \u00eates au bon endroit !<\/p>[\/et_pb_fullwidth_header][\/et_pb_section][et_pb_section fb_built=\u00a0\u00bb1&Prime; fullwidth=\u00a0\u00bbon\u00a0\u00bb _builder_version=\u00a0\u00bb4.17.6&Prime; _module_preset=\u00a0\u00bbdefault\u00a0\u00bb global_colors_info=\u00a0\u00bb{}\u00a0\u00bb][et_pb_fullwidth_image src=\u00a0\u00bbhttps:\/\/rhizomehorizon-paysage.fr\/wp-content\/uploads\/2023\/07\/Capture-decran-2023-07-21-a-12.55.22.png\u00a0\u00bb alt=\u00a0\u00bbProfil plan guide\u00a0\u00bb title_text=\u00a0\u00bbCoupe d&rsquo;ambiance rue\u00a0\u00bb _builder_version=\u00a0\u00bb4.17.6&Prime; _module_preset=\u00a0\u00bbdefault\u00a0\u00bb global_colors_info=\u00a0\u00bb{}\u00a0\u00bb][\/et_pb_fullwidth_image][\/et_pb_section][et_pb_section fb_built=\u00a0\u00bb1&Prime; _builder_version=\u00a0\u00bb4.17.6&Prime; _module_preset=\u00a0\u00bbdefault\u00a0\u00bb min_height=\u00a0\u00bb121px\u00a0\u00bb global_colors_info=\u00a0\u00bb{}\u00a0\u00bb][et_pb_row _builder_version=\u00a0\u00bb4.17.6&Prime; _module_preset=\u00a0\u00bbdefault\u00a0\u00bb global_colors_info=\u00a0\u00bb{}\u00a0\u00bb][et_pb_column type=\u00a0\u00bb4_4&Prime; _builder_version=\u00a0\u00bb4.17.6&Prime; _module_preset=\u00a0\u00bbdefault\u00a0\u00bb global_colors_info=\u00a0\u00bb{}\u00a0\u00bb][et_pb_text _builder_version=\u00a0\u00bb4.17.6&Prime; _module_preset=\u00a0\u00bbdefault\u00a0\u00bb link_option_url=\u00a0\u00bbhttps:\/\/rhizomehorizon-paysage.fr\/index.php\/espace-conception-territoire\/\u00a0\u00bb hover_enabled=\u00a0\u00bb0&Prime; global_colors_info=\u00a0\u00bb{}\u00a0\u00bb sticky_enabled=\u00a0\u00bb0&Prime;]<h4><strong>Extrait d&rsquo;une \u00e9tude <\/strong><b>pr\u00e9-op\u00e9rationnelle d\u2019am\u00e9nagement durable pour un \u00ablotissement durable\u00bb sur la<br \/>Zone 1AU du Plan Local d\u2019Urbanisme de Rieulay &#8211; <\/b>En cours<\/h4>\n<p>Pour le compte de la Commune et du PNR Scarpe Escaut.<\/p>\n<p>En \u00e9quipe avec Atelier MA (architecte, urbaniste mandataire) et Explicit\u00e9<\/p>[\/et_pb_text][\/et_pb_column][\/et_pb_row][\/et_pb_section][et_pb_section fb_built=\u00a0\u00bb1&Prime; fullwidth=\u00a0\u00bbon\u00a0\u00bb _builder_version=\u00a0\u00bb4.17.6&Prime; _module_preset=\u00a0\u00bbdefault\u00a0\u00bb global_colors_info=\u00a0\u00bb{}\u00a0\u00bb][et_pb_fullwidth_header title=\u00a0\u00bbCONCEPTION PAYSAGERE &#8211; Maitrise d&rsquo;ouvrage priv\u00e9e\u00a0\u00bb button_one_text=\u00a0\u00bbPar ici pour plus de d\u00e9tails sur mes prestations !\u00a0\u00bb button_one_url=\u00a0\u00bbhttps:\/\/rhizomehorizon-paysage.fr\/index.php\/espace-particuliers\/\u00a0\u00bb _builder_version=\u00a0\u00bb4.17.6&Prime; _module_preset=\u00a0\u00bbdefault\u00a0\u00bb global_colors_info=\u00a0\u00bb{}\u00a0\u00bb]<p>\u00a0Vous \u00eates un particulier ou membre d&rsquo;une entreprise \u00e0 la recherche d&rsquo;un paysagiste concepteur : vous \u00eates au bon endroit !<\/p>[\/et_pb_fullwidth_header][\/et_pb_section][et_pb_section fb_built=\u00a0\u00bb1&Prime; fullwidth=\u00a0\u00bbon\u00a0\u00bb _builder_version=\u00a0\u00bb4.17.6&Prime; _module_preset=\u00a0\u00bbdefault\u00a0\u00bb global_colors_info=\u00a0\u00bb{}\u00a0\u00bb][\/et_pb_section][et_pb_section fb_built=\u00a0\u00bb1&Prime; fullwidth=\u00a0\u00bbon\u00a0\u00bb _builder_version=\u00a0\u00bb4.17.6&Prime; _module_preset=\u00a0\u00bbdefault\u00a0\u00bb global_colors_info=\u00a0\u00bb{}\u00a0\u00bb][et_pb_fullwidth_image src=\u00a0\u00bbhttps:\/\/rhizomehorizon-paysage.fr\/wp-content\/uploads\/2023\/07\/Capture-decran-2023-07-21-a-15.44.13.png\u00a0\u00bb alt=\u00a0\u00bbperspective am\u00e9nagement particulier\u00a0\u00bb title_text=\u00a0\u00bbcoaching inspiration\u00a0\u00bb _builder_version=\u00a0\u00bb4.17.6&Prime; _module_preset=\u00a0\u00bbdefault\u00a0\u00bb global_colors_info=\u00a0\u00bb{}\u00a0\u00bb][\/et_pb_fullwidth_image][\/et_pb_section][et_pb_section fb_built=\u00a0\u00bb1&Prime; _builder_version=\u00a0\u00bb4.17.6&Prime; _module_preset=\u00a0\u00bbdefault\u00a0\u00bb global_colors_info=\u00a0\u00bb{}\u00a0\u00bb][et_pb_row _builder_version=\u00a0\u00bb4.17.6&Prime; _module_preset=\u00a0\u00bbdefault\u00a0\u00bb global_colors_info=\u00a0\u00bb{}\u00a0\u00bb][et_pb_column type=\u00a0\u00bb4_4&Prime; _builder_version=\u00a0\u00bb4.17.6&Prime; _module_preset=\u00a0\u00bbdefault\u00a0\u00bb global_colors_info=\u00a0\u00bb{}\u00a0\u00bb][et_pb_text _builder_version=\u00a0\u00bb4.17.6&Prime; _module_preset=\u00a0\u00bbdefault\u00a0\u00bb link_option_url=\u00a0\u00bbhttps:\/\/rhizomehorizon-paysage.fr\/index.php\/espace-particuliers\/\u00a0\u00bb hover_enabled=\u00a0\u00bb0&Prime; global_colors_info=\u00a0\u00bb{}\u00a0\u00bb sticky_enabled=\u00a0\u00bb0&Prime;]<h4><strong>Extrait d&rsquo;un coaching inspiration <\/strong><b>\u00a0&#8211; <\/b>2023<\/h4>\n<p>Pour le compte d&rsquo;un particulier (59)<\/p>[\/et_pb_text][\/et_pb_column][\/et_pb_row][\/et_pb_section][et_pb_section fb_built=\u00a0\u00bb1&Prime; fullwidth=\u00a0\u00bbon\u00a0\u00bb _builder_version=\u00a0\u00bb4.17.6&Prime; _module_preset=\u00a0\u00bbdefault\u00a0\u00bb global_colors_info=\u00a0\u00bb{}\u00a0\u00bb][et_pb_fullwidth_header title=\u00a0\u00bbANIMATION NATURE \u00a0\u00bb button_one_text=\u00a0\u00bbPar ici pour plus de d\u00e9tails sur mes prestations !\u00a0\u00bb button_one_url=\u00a0\u00bbhttps:\/\/rhizomehorizon-paysage.fr\/index.php\/structures-socio-culturelles-educatives-et-de-loisirs\/\u00a0\u00bb _builder_version=\u00a0\u00bb4.17.6&Prime; _module_preset=\u00a0\u00bbdefault\u00a0\u00bb global_colors_info=\u00a0\u00bb{}\u00a0\u00bb]<p>Vous \u00eates un membre d&rsquo;une structure socio-culturelle \u00e9ducative ou de loisirs, \u00e0 la recherche d&rsquo;une animation sensibilisant au v\u00e9g\u00e9tal, \u00e0 l&rsquo;environnement et au paysage : vous voil\u00e0 au bon endroit \ud83d\ude09<\/p>[\/et_pb_fullwidth_header][et_pb_fullwidth_image src=\u00a0\u00bbhttps:\/\/rhizomehorizon-paysage.fr\/wp-content\/uploads\/2023\/07\/IMG_2887-scaled.jpg\u00a0\u00bb alt=\u00a0\u00bbAnimation land art\u00a0\u00bb title_text=\u00a0\u00bbAnimation land art\u00a0\u00bb _builder_version=\u00a0\u00bb4.17.6&Prime; _module_preset=\u00a0\u00bbdefault\u00a0\u00bb global_colors_info=\u00a0\u00bb{}\u00a0\u00bb][\/et_pb_fullwidth_image][\/et_pb_section][et_pb_section fb_built=\u00a0\u00bb1&Prime; _builder_version=\u00a0\u00bb4.17.6&Prime; _module_preset=\u00a0\u00bbdefault\u00a0\u00bb global_colors_info=\u00a0\u00bb{}\u00a0\u00bb][et_pb_row _builder_version=\u00a0\u00bb4.17.6&Prime; _module_preset=\u00a0\u00bbdefault\u00a0\u00bb global_colors_info=\u00a0\u00bb{}\u00a0\u00bb][et_pb_column type=\u00a0\u00bb4_4&Prime; _builder_version=\u00a0\u00bb4.17.6&Prime; _module_preset=\u00a0\u00bbdefault\u00a0\u00bb global_colors_info=\u00a0\u00bb{}\u00a0\u00bb][et_pb_text _builder_version=\u00a0\u00bb4.17.6&Prime; _module_preset=\u00a0\u00bbdefault\u00a0\u00bb link_option_url=\u00a0\u00bbhttps:\/\/rhizomehorizon-paysage.fr\/index.php\/structures-socio-culturelles-educatives-et-de-loisirs\/\u00a0\u00bb hover_enabled=\u00a0\u00bb0&Prime; global_colors_info=\u00a0\u00bb{}\u00a0\u00bb sticky_enabled=\u00a0\u00bb0&Prime;]<h4><strong>Aper\u00e7u d&rsquo;animation Land Art<\/strong><b>\u00a0&#8211; <\/b>2022<\/h4>\n<p>Au parc Mosaic, \u00a0Pour le compte de la MEL (M\u00e9tropole Europ\u00e9enne de Lille)<\/p>[\/et_pb_text][\/et_pb_column][\/et_pb_row][\/et_pb_section]\n\n","protected":false},"excerpt":{"rendered":"<p>Vous \u00eates repr\u00e9sentant d&rsquo;une collectivit\u00e9 ou un architecte \/ urbaniste \/ bureau d&rsquo;\u00e9tudes sp\u00e9cialis\u00e9 \u00e0 la recherche d&rsquo;un paysagiste concepteur : vous \u00eates au bon endroit !Extrait d&rsquo;une \u00e9tude pr\u00e9-op\u00e9rationnelle d\u2019am\u00e9nagement durable pour un \u00ablotissement durable\u00bb sur laZone 1AU du Plan Local d\u2019Urbanisme de Rieulay &#8211; En cours Pour le compte de la Commune et [&hellip;]<\/p>\n","protected":false},"author":1,"featured_media":0,"parent":0,"menu_order":0,"comment_status":"closed","ping_status":"closed","template":"","meta":{"_et_pb_use_builder":"on","_et_pb_old_content":"","_et_gb_content_width":"","footnotes":""},"class_list":["post-38","page","type-page","status-publish","hentry"],"yoast_head":"<!-- This site is optimized with the Yoast SEO plugin v24.1 - https:\/\/yoast.com\/wordpress\/plugins\/seo\/ -->\n<title>Conception paysag\u00e8re et Animation nature -Rhizome &amp; Horizon<\/title>\n<meta name=\"description\" content=\"Conseil en am\u00e9nagement paysager sur mesure et Animation nature p\u00e9dagogique en Hauts de France. Contactez moi au 06 23 79 32 61 !\" \/>\n<meta name=\"robots\" content=\"index, follow, max-snippet:-1, max-image-preview:large, max-video-preview:-1\" \/>\n<link rel=\"canonical\" href=\"https:\/\/rhizomehorizon-paysage.fr\/\" \/>\n<meta property=\"og:locale\" content=\"fr_FR\" \/>\n<meta property=\"og:type\" content=\"article\" \/>\n<meta property=\"og:title\" content=\"Conception paysag\u00e8re et Animation nature -Rhizome &amp; Horizon\" \/>\n<meta property=\"og:description\" content=\"Conseil en am\u00e9nagement paysager sur mesure et Animation nature p\u00e9dagogique en Hauts de France. Contactez moi au 06 23 79 32 61 !\" \/>\n<meta property=\"og:url\" content=\"https:\/\/rhizomehorizon-paysage.fr\/\" \/>\n<meta property=\"og:site_name\" content=\"Rhizome &amp; Horizon\" \/>\n<meta property=\"article:modified_time\" content=\"2023-11-10T09:03:40+00:00\" \/>\n<meta name=\"twitter:card\" content=\"summary_large_image\" \/>\n<meta name=\"twitter:label1\" content=\"Dur\u00e9e de lecture estim\u00e9e\" \/>\n\t<meta name=\"twitter:data1\" content=\"2 minutes\" \/>\n<script type=\"application\/ld+json\" class=\"yoast-schema-graph\">{\"@context\":\"https:\/\/schema.org\",\"@graph\":[{\"@type\":\"WebPage\",\"@id\":\"https:\/\/rhizomehorizon-paysage.fr\/\",\"url\":\"https:\/\/rhizomehorizon-paysage.fr\/\",\"name\":\"Conception paysag\u00e8re et Animation nature -Rhizome & Horizon\",\"isPartOf\":{\"@id\":\"https:\/\/rhizomehorizon-paysage.fr\/#website\"},\"datePublished\":\"2017-06-19T13:35:46+00:00\",\"dateModified\":\"2023-11-10T09:03:40+00:00\",\"description\":\"Conseil en am\u00e9nagement paysager sur mesure et Animation nature p\u00e9dagogique en Hauts de France. Contactez moi au 06 23 79 32 61 !\",\"breadcrumb\":{\"@id\":\"https:\/\/rhizomehorizon-paysage.fr\/#breadcrumb\"},\"inLanguage\":\"fr-FR\",\"potentialAction\":[{\"@type\":\"ReadAction\",\"target\":[\"https:\/\/rhizomehorizon-paysage.fr\/\"]}]},{\"@type\":\"BreadcrumbList\",\"@id\":\"https:\/\/rhizomehorizon-paysage.fr\/#breadcrumb\",\"itemListElement\":[{\"@type\":\"ListItem\",\"position\":1,\"name\":\"Accueil\",\"item\":\"https:\/\/rhizomehorizon-paysage.fr\/\"},{\"@type\":\"ListItem\",\"position\":2,\"name\":\"Accueil\"}]},{\"@type\":\"WebSite\",\"@id\":\"https:\/\/rhizomehorizon-paysage.fr\/#website\",\"url\":\"https:\/\/rhizomehorizon-paysage.fr\/\",\"name\":\"Rhizome &amp; Horizon\",\"description\":\"Paysagiste conceptrice - Animatrice nature Valenciennes\",\"potentialAction\":[{\"@type\":\"SearchAction\",\"target\":{\"@type\":\"EntryPoint\",\"urlTemplate\":\"https:\/\/rhizomehorizon-paysage.fr\/?s={search_term_string}\"},\"query-input\":{\"@type\":\"PropertyValueSpecification\",\"valueRequired\":true,\"valueName\":\"search_term_string\"}}],\"inLanguage\":\"fr-FR\"}]}<\/script>\n<!-- \/ Yoast SEO plugin. -->","yoast_head_json":{"title":"Conception paysag\u00e8re et Animation nature -Rhizome & Horizon","description":"Conseil en am\u00e9nagement paysager sur mesure et Animation nature p\u00e9dagogique en Hauts de France. Contactez moi au 06 23 79 32 61 !","robots":{"index":"index","follow":"follow","max-snippet":"max-snippet:-1","max-image-preview":"max-image-preview:large","max-video-preview":"max-video-preview:-1"},"canonical":"https:\/\/rhizomehorizon-paysage.fr\/","og_locale":"fr_FR","og_type":"article","og_title":"Conception paysag\u00e8re et Animation nature -Rhizome & Horizon","og_description":"Conseil en am\u00e9nagement paysager sur mesure et Animation nature p\u00e9dagogique en Hauts de France. Contactez moi au 06 23 79 32 61 !","og_url":"https:\/\/rhizomehorizon-paysage.fr\/","og_site_name":"Rhizome &amp; Horizon","article_modified_time":"2023-11-10T09:03:40+00:00","twitter_card":"summary_large_image","twitter_misc":{"Dur\u00e9e de lecture estim\u00e9e":"2 minutes"},"schema":{"@context":"https:\/\/schema.org","@graph":[{"@type":"WebPage","@id":"https:\/\/rhizomehorizon-paysage.fr\/","url":"https:\/\/rhizomehorizon-paysage.fr\/","name":"Conception paysag\u00e8re et Animation nature -Rhizome & Horizon","isPartOf":{"@id":"https:\/\/rhizomehorizon-paysage.fr\/#website"},"datePublished":"2017-06-19T13:35:46+00:00","dateModified":"2023-11-10T09:03:40+00:00","description":"Conseil en am\u00e9nagement paysager sur mesure et Animation nature p\u00e9dagogique en Hauts de France. Contactez moi au 06 23 79 32 61 !","breadcrumb":{"@id":"https:\/\/rhizomehorizon-paysage.fr\/#breadcrumb"},"inLanguage":"fr-FR","potentialAction":[{"@type":"ReadAction","target":["https:\/\/rhizomehorizon-paysage.fr\/"]}]},{"@type":"BreadcrumbList","@id":"https:\/\/rhizomehorizon-paysage.fr\/#breadcrumb","itemListElement":[{"@type":"ListItem","position":1,"name":"Accueil","item":"https:\/\/rhizomehorizon-paysage.fr\/"},{"@type":"ListItem","position":2,"name":"Accueil"}]},{"@type":"WebSite","@id":"https:\/\/rhizomehorizon-paysage.fr\/#website","url":"https:\/\/rhizomehorizon-paysage.fr\/","name":"Rhizome &amp; Horizon","description":"Paysagiste conceptrice - Animatrice nature Valenciennes","potentialAction":[{"@type":"SearchAction","target":{"@type":"EntryPoint","urlTemplate":"https:\/\/rhizomehorizon-paysage.fr\/?s={search_term_string}"},"query-input":{"@type":"PropertyValueSpecification","valueRequired":true,"valueName":"search_term_string"}}],"inLanguage":"fr-FR"}]}},"_links":{"self":[{"href":"https:\/\/rhizomehorizon-paysage.fr\/index.php\/wp-json\/wp\/v2\/pages\/38","targetHints":{"allow":["GET"]}}],"collection":[{"href":"https:\/\/rhizomehorizon-paysage.fr\/index.php\/wp-json\/wp\/v2\/pages"}],"about":[{"href":"https:\/\/rhizomehorizon-paysage.fr\/index.php\/wp-json\/wp\/v2\/types\/page"}],"author":[{"embeddable":true,"href":"https:\/\/rhizomehorizon-paysage.fr\/index.php\/wp-json\/wp\/v2\/users\/1"}],"replies":[{"embeddable":true,"href":"https:\/\/rhizomehorizon-paysage.fr\/index.php\/wp-json\/wp\/v2\/comments?post=38"}],"version-history":[{"count":131,"href":"https:\/\/rhizomehorizon-paysage.fr\/index.php\/wp-json\/wp\/v2\/pages\/38\/revisions"}],"predecessor-version":[{"id":1505,"href":"https:\/\/rhizomehorizon-paysage.fr\/index.php\/wp-json\/wp\/v2\/pages\/38\/revisions\/1505"}],"wp:attachment":[{"href":"https:\/\/rhizomehorizon-paysage.fr\/index.php\/wp-json\/wp\/v2\/media?parent=38"}],"curies":[{"name":"wp","href":"https:\/\/api.w.org\/{rel}","templated":true}]}}